{"id":58,"date":"2021-05-14T17:09:36","date_gmt":"2021-05-14T16:09:36","guid":{"rendered":"http:\/\/kircheamplatz.de\/?page_id=58"},"modified":"2021-05-15T20:48:25","modified_gmt":"2021-05-15T19:48:25","slug":"zeichen-geben-in-kontakt-kommen","status":"publish","type":"page","link":"https:\/\/kircheamplatz.de\/?page_id=58","title":{"rendered":"Zeichen geben &#8211; in Kontakt kommen"},"content":{"rendered":"\n<p><strong>Glaube wird immer weniger<\/strong><\/p>\n\n\n\n<p>Fr\u00fcher haben Menschen ihren Glauben und die Verbindung zur Kirche wie selbstverst\u00e4ndlich durch ihre Familien vermittelt bekommen. Heute ist das bekanntlich eher selten.<\/p>\n\n\n\n<p>Genauso, wie das Klima zu kippen droht, und dadurch unsere nat\u00fcrlichen Lebensgrundlagen zerst\u00f6rt werden, ebenso droht das soziale Fundament unseres Zusammenlebens wegzubrechen. Dieses Fundament besteht aber in gro\u00dfen Teilen aus der (j\u00fcdisch-) christlichen Kultur des Westens.<\/p>\n\n\n\n<p>Es mag f\u00fcr Frau oder Mann belanglos erscheinen, ob heute noch Menschen aus ihrem Glauben leben. Aber die Tatsache, dass Anonymit\u00e4t, Beziehungslosigkeit, Einsamkeit und Entsolidarisierung immer schneller um sich greifen, betrifft jede und jeden.<\/p>\n\n\n\n<p><strong>Damit Glaube weiter geht<\/strong><\/p>\n\n\n\n<p>Es geschieht nicht von selbst, dass Menschen wieder in Ber\u00fchrung mit dem Glauben kommen und sich so auch an die damit verbundenen Werte erinnern. Es kommt auf Sie als Einzelne oder als Gemeinschaft\/Gemeinde an, das m\u00f6glich zu machen. Geben Sie ein Zeichen an einen Menschen aus Ihrer Nachbarschaft, einer entfernten Bekannten, bei einer Gelegenheit, die sich im Alltag spontan ergibt\u2026<\/p>\n\n\n\n<p>Dabei kann sich ein Gespr\u00e4ch entwickeln oder auch nicht. Mir selbst hilft es dabei, v\u00f6llig offen und absichtslos zu bleiben. Ich tue etwas, ohne dadurch etwas erreichen zu m\u00fcssen! Aber aus dem Glauben heraus vertraue ich darauf, dass da etwas wirkt, auch wo ich es nicht sehen kann. Hier finden Sie ein paar Anregungen aus meinen Versuchen mit der \u201eKirche am Platz\u201c, die Sie leicht auf Ihre Verh\u00e4ltnisse \u00fcbertragen k\u00f6nnen:<\/p>\n\n\n\n<p><strong>Sonntagskuchen<\/strong> (das ganze Jahr \u00fcber)<\/p>\n\n\n\n<p>Nehmen Sie kleine R\u00fchrkuchen oder Waffeln aus dem Handel. Es ist aus hygienischen Gr\u00fcnden wichtig, dass diese einzeln verpackt sind und ausreichendes Mindesthaltbarkeitsdatum haben! H\u00e4ngen Sie einen kleinen Zettel daran, wozu Sie die Vorlage verwenden k\u00f6nnen.<\/p>\n\n\n\n<figure class=\"wp-block-image size-medium\"><a href=\"https:\/\/kircheamplatz.de\/wp-content\/uploads\/2021\/05\/2021-05-14-Faltblatt-Sonntag-A7-4seitig-neutral.pdf\"><img loading=\"lazy\" decoding=\"async\" width=\"209\" height=\"300\" src=\"https:\/\/kircheamplatz.de\/wp-content\/uploads\/2021\/05\/2021-05-14-Faltblatt-Sonntag-A7-4seitig-neutral-209x300.jpg\" alt=\"Sonntagskuchen\" class=\"wp-image-43\" srcset=\"https:\/\/kircheamplatz.de\/wp-content\/uploads\/2021\/05\/2021-05-14-Faltblatt-Sonntag-A7-4seitig-neutral-209x300.jpg 209w, https:\/\/kircheamplatz.de\/wp-content\/uploads\/2021\/05\/2021-05-14-Faltblatt-Sonntag-A7-4seitig-neutral-712x1024.jpg 712w, https:\/\/kircheamplatz.de\/wp-content\/uploads\/2021\/05\/2021-05-14-Faltblatt-Sonntag-A7-4seitig-neutral-768x1104.jpg 768w, https:\/\/kircheamplatz.de\/wp-content\/uploads\/2021\/05\/2021-05-14-Faltblatt-Sonntag-A7-4seitig-neutral-100x144.jpg 100w, https:\/\/kircheamplatz.de\/wp-content\/uploads\/2021\/05\/2021-05-14-Faltblatt-Sonntag-A7-4seitig-neutral-150x216.jpg 150w, https:\/\/kircheamplatz.de\/wp-content\/uploads\/2021\/05\/2021-05-14-Faltblatt-Sonntag-A7-4seitig-neutral-200x288.jpg 200w, https:\/\/kircheamplatz.de\/wp-content\/uploads\/2021\/05\/2021-05-14-Faltblatt-Sonntag-A7-4seitig-neutral-300x431.jpg 300w, https:\/\/kircheamplatz.de\/wp-content\/uploads\/2021\/05\/2021-05-14-Faltblatt-Sonntag-A7-4seitig-neutral-450x647.jpg 450w, https:\/\/kircheamplatz.de\/wp-content\/uploads\/2021\/05\/2021-05-14-Faltblatt-Sonntag-A7-4seitig-neutral-600x863.jpg 600w, https:\/\/kircheamplatz.de\/wp-content\/uploads\/2021\/05\/2021-05-14-Faltblatt-Sonntag-A7-4seitig-neutral-900x1294.jpg 900w, https:\/\/kircheamplatz.de\/wp-content\/uploads\/2021\/05\/2021-05-14-Faltblatt-Sonntag-A7-4seitig-neutral.jpg 1000w\" sizes=\"auto, (max-width: 209px) 100vw, 209px\" \/><\/a><figcaption>Faltblatt A7 als Kopiervorlage, einfarbig, und durch eigene Zus\u00e4tze und Hinweise erg\u00e4nzbar.<\/figcaption><\/figure>\n\n\n\n<p><strong>Christstollen<\/strong> (Advent und Weihnachten)<\/p>\n\n\n\n<p>Nehmen Sie (kleine) Weihnachtsstollen aus dem Handel. Es ist aus hygienischen Gr\u00fcnden wichtig, dass diese einzeln verpackt sind und ausreichendes Mindesthaltbarkeitsdatum haben! H\u00e4ngen Sie einen kleinen Zettel daran, wozu Sie die Vorlage verwenden k\u00f6nnen.<\/p>\n\n\n\n<figure class=\"wp-block-image size-medium\"><a href=\"https:\/\/kircheamplatz.de\/wp-content\/uploads\/2021\/05\/2021-05-14-Faltblatt-Christstollen-A7-4seitig-neutral.pdf\"><img loading=\"lazy\" decoding=\"async\" width=\"208\" height=\"300\" src=\"https:\/\/kircheamplatz.de\/wp-content\/uploads\/2021\/05\/2021-05-14-Faltblatt-Christstollen-A7-4seitig-neutral-208x300.jpg\" alt=\"\" class=\"wp-image-39\" srcset=\"https:\/\/kircheamplatz.de\/wp-content\/uploads\/2021\/05\/2021-05-14-Faltblatt-Christstollen-A7-4seitig-neutral-208x300.jpg 208w, https:\/\/kircheamplatz.de\/wp-content\/uploads\/2021\/05\/2021-05-14-Faltblatt-Christstollen-A7-4seitig-neutral-711x1024.jpg 711w, https:\/\/kircheamplatz.de\/wp-content\/uploads\/2021\/05\/2021-05-14-Faltblatt-Christstollen-A7-4seitig-neutral-768x1107.jpg 768w, https:\/\/kircheamplatz.de\/wp-content\/uploads\/2021\/05\/2021-05-14-Faltblatt-Christstollen-A7-4seitig-neutral-100x144.jpg 100w, https:\/\/kircheamplatz.de\/wp-content\/uploads\/2021\/05\/2021-05-14-Faltblatt-Christstollen-A7-4seitig-neutral-150x216.jpg 150w, https:\/\/kircheamplatz.de\/wp-content\/uploads\/2021\/05\/2021-05-14-Faltblatt-Christstollen-A7-4seitig-neutral-200x288.jpg 200w, https:\/\/kircheamplatz.de\/wp-content\/uploads\/2021\/05\/2021-05-14-Faltblatt-Christstollen-A7-4seitig-neutral-300x432.jpg 300w, https:\/\/kircheamplatz.de\/wp-content\/uploads\/2021\/05\/2021-05-14-Faltblatt-Christstollen-A7-4seitig-neutral-450x648.jpg 450w, https:\/\/kircheamplatz.de\/wp-content\/uploads\/2021\/05\/2021-05-14-Faltblatt-Christstollen-A7-4seitig-neutral-600x865.jpg 600w, https:\/\/kircheamplatz.de\/wp-content\/uploads\/2021\/05\/2021-05-14-Faltblatt-Christstollen-A7-4seitig-neutral-900x1297.jpg 900w, https:\/\/kircheamplatz.de\/wp-content\/uploads\/2021\/05\/2021-05-14-Faltblatt-Christstollen-A7-4seitig-neutral.jpg 1000w\" sizes=\"auto, (max-width: 208px) 100vw, 208px\" \/><\/a><figcaption>Faltblatt A7 als Kopiervorlage, einfarbig, und durch eigene Zus\u00e4tze und Hinweise erg\u00e4nzbar.<\/figcaption><\/figure>\n\n\n\n<p><\/p>\n","protected":false},"excerpt":{"rendered":"<p>Glaube wird immer weniger Fr\u00fcher haben Menschen ihren Glauben und die Verbindung zur Kirche wie selbstverst\u00e4ndlich durch ihre Familien vermittelt bekommen. Heute ist das bekanntlich eher selten. Genauso, wie das Klima zu kippen droht, und dadurch unsere nat\u00fcrlichen Lebensgrundlagen zerst\u00f6rt &hellip;<\/p>\n<p class=\"read-more\"> <a class=\"more-link\" href=\"https:\/\/kircheamplatz.de\/?page_id=58\"> <span class=\"screen-reader-text\">Zeichen geben &#8211; in Kontakt kommen<\/span> Weiterlesen &raquo;<\/a><\/p>\n","protected":false},"author":1,"featured_media":0,"parent":0,"menu_order":0,"comment_status":"closed","ping_status":"closed","template":"","meta":{"ngg_post_thumbnail":0,"footnotes":""},"class_list":["post-58","page","type-page","status-publish","hentry"],"yoast_head":"<!-- This site is optimized with the Yoast SEO plugin v27.4 - https:\/\/yoast.com\/product\/yoast-seo-wordpress\/ -->\n<title>Zeichen geben - in Kontakt kommen - Kirche am Platz<\/title>\n<meta name=\"description\" content=\"Ideen f\u00fcr engagierte Gemeinschaften oder Einzelpersonen, um selbst mittels eines zeichenhaften &quot;Giveaways&quot; mit Menschen in Kontakt zu kommen.\" \/>\n<meta name=\"robots\" content=\"index, follow, max-snippet:-1, max-image-preview:large, max-video-preview:-1\" \/>\n<link rel=\"canonical\" href=\"https:\/\/kircheamplatz.de\/?page_id=58\" \/>\n<meta property=\"og:locale\" content=\"de_DE\" \/>\n<meta property=\"og:type\" content=\"article\" \/>\n<meta property=\"og:title\" content=\"Zeichen geben - in Kontakt kommen - Kirche am Platz\" \/>\n<meta property=\"og:description\" content=\"Ideen f\u00fcr engagierte Gemeinschaften oder Einzelpersonen, um selbst mittels eines zeichenhaften &quot;Giveaways&quot; mit Menschen in Kontakt zu kommen.\" \/>\n<meta property=\"og:url\" content=\"https:\/\/kircheamplatz.de\/?page_id=58\" \/>\n<meta property=\"og:site_name\" content=\"Kirche am Platz\" \/>\n<meta property=\"article:modified_time\" content=\"2021-05-15T19:48:25+00:00\" \/>\n<meta property=\"og:image\" content=\"https:\/\/kircheamplatz.de\/wp-content\/uploads\/2021\/05\/2021-05-14-Faltblatt-Sonntag-A7-4seitig-neutral-209x300.jpg\" \/>\n<meta name=\"twitter:card\" content=\"summary_large_image\" \/>\n<meta name=\"twitter:label1\" content=\"Gesch\u00e4tzte Lesezeit\" \/>\n\t<meta name=\"twitter:data1\" content=\"2\u00a0Minuten\" \/>\n<script type=\"application\/ld+json\" class=\"yoast-schema-graph\">{\"@context\":\"https:\\\/\\\/schema.org\",\"@graph\":[{\"@type\":\"WebPage\",\"@id\":\"https:\\\/\\\/kircheamplatz.de\\\/?page_id=58\",\"url\":\"https:\\\/\\\/kircheamplatz.de\\\/?page_id=58\",\"name\":\"Zeichen geben - in Kontakt kommen - Kirche am Platz\",\"isPartOf\":{\"@id\":\"https:\\\/\\\/kircheamplatz.de\\\/#website\"},\"primaryImageOfPage\":{\"@id\":\"https:\\\/\\\/kircheamplatz.de\\\/?page_id=58#primaryimage\"},\"image\":{\"@id\":\"https:\\\/\\\/kircheamplatz.de\\\/?page_id=58#primaryimage\"},\"thumbnailUrl\":\"https:\\\/\\\/kircheamplatz.de\\\/wp-content\\\/uploads\\\/2021\\\/05\\\/2021-05-14-Faltblatt-Sonntag-A7-4seitig-neutral-209x300.jpg\",\"datePublished\":\"2021-05-14T16:09:36+00:00\",\"dateModified\":\"2021-05-15T19:48:25+00:00\",\"description\":\"Ideen f\u00fcr engagierte Gemeinschaften oder Einzelpersonen, um selbst mittels eines zeichenhaften \\\"Giveaways\\\" mit Menschen in Kontakt zu kommen.\",\"breadcrumb\":{\"@id\":\"https:\\\/\\\/kircheamplatz.de\\\/?page_id=58#breadcrumb\"},\"inLanguage\":\"de\",\"potentialAction\":[{\"@type\":\"ReadAction\",\"target\":[\"https:\\\/\\\/kircheamplatz.de\\\/?page_id=58\"]}]},{\"@type\":\"ImageObject\",\"inLanguage\":\"de\",\"@id\":\"https:\\\/\\\/kircheamplatz.de\\\/?page_id=58#primaryimage\",\"url\":\"https:\\\/\\\/kircheamplatz.de\\\/wp-content\\\/uploads\\\/2021\\\/05\\\/2021-05-14-Faltblatt-Sonntag-A7-4seitig-neutral.jpg\",\"contentUrl\":\"https:\\\/\\\/kircheamplatz.de\\\/wp-content\\\/uploads\\\/2021\\\/05\\\/2021-05-14-Faltblatt-Sonntag-A7-4seitig-neutral.jpg\",\"width\":1000,\"height\":1438,\"caption\":\"Faltblatt A7 als Kopiervorlage, einfarbig, und durch eigene Zus\u00e4tze und Hinweise erg\u00e4nzbar.\"},{\"@type\":\"BreadcrumbList\",\"@id\":\"https:\\\/\\\/kircheamplatz.de\\\/?page_id=58#breadcrumb\",\"itemListElement\":[{\"@type\":\"ListItem\",\"position\":1,\"name\":\"Startseite\",\"item\":\"https:\\\/\\\/kircheamplatz.de\\\/\"},{\"@type\":\"ListItem\",\"position\":2,\"name\":\"Zeichen geben &#8211; in Kontakt kommen\"}]},{\"@type\":\"WebSite\",\"@id\":\"https:\\\/\\\/kircheamplatz.de\\\/#website\",\"url\":\"https:\\\/\\\/kircheamplatz.de\\\/\",\"name\":\"Kirche am Platz\",\"description\":\"Kirchliche Pr\u00e4senz im \u00f6ffentlichen Raum (Dietrich Fr\u00f6ba, Diakon, kath., Kassel)\",\"publisher\":{\"@id\":\"https:\\\/\\\/kircheamplatz.de\\\/#\\\/schema\\\/person\\\/a12a77ac0f78a22ffe3a33e74da0d185\"},\"potentialAction\":[{\"@type\":\"SearchAction\",\"target\":{\"@type\":\"EntryPoint\",\"urlTemplate\":\"https:\\\/\\\/kircheamplatz.de\\\/?s={search_term_string}\"},\"query-input\":{\"@type\":\"PropertyValueSpecification\",\"valueRequired\":true,\"valueName\":\"search_term_string\"}}],\"inLanguage\":\"de\"},{\"@type\":[\"Person\",\"Organization\"],\"@id\":\"https:\\\/\\\/kircheamplatz.de\\\/#\\\/schema\\\/person\\\/a12a77ac0f78a22ffe3a33e74da0d185\",\"name\":\"DFR\",\"image\":{\"@type\":\"ImageObject\",\"inLanguage\":\"de\",\"@id\":\"https:\\\/\\\/kircheamplatz.de\\\/wp-content\\\/uploads\\\/2021\\\/05\\\/cropped-2020-02-12-Banner-Zeichen-geben-quer-sw-ohne-web.jpg\",\"url\":\"https:\\\/\\\/kircheamplatz.de\\\/wp-content\\\/uploads\\\/2021\\\/05\\\/cropped-2020-02-12-Banner-Zeichen-geben-quer-sw-ohne-web.jpg\",\"contentUrl\":\"https:\\\/\\\/kircheamplatz.de\\\/wp-content\\\/uploads\\\/2021\\\/05\\\/cropped-2020-02-12-Banner-Zeichen-geben-quer-sw-ohne-web.jpg\",\"width\":1000,\"height\":221,\"caption\":\"DFR\"},\"logo\":{\"@id\":\"https:\\\/\\\/kircheamplatz.de\\\/wp-content\\\/uploads\\\/2021\\\/05\\\/cropped-2020-02-12-Banner-Zeichen-geben-quer-sw-ohne-web.jpg\"},\"sameAs\":[\"https:\\\/\\\/kircheamplatz.de\"]}]}<\/script>\n<!-- \/ Yoast SEO plugin. -->","yoast_head_json":{"title":"Zeichen geben - in Kontakt kommen - Kirche am Platz","description":"Ideen f\u00fcr engagierte Gemeinschaften oder Einzelpersonen, um selbst mittels eines zeichenhaften \"Giveaways\" mit Menschen in Kontakt zu kommen.","robots":{"index":"index","follow":"follow","max-snippet":"max-snippet:-1","max-image-preview":"max-image-preview:large","max-video-preview":"max-video-preview:-1"},"canonical":"https:\/\/kircheamplatz.de\/?page_id=58","og_locale":"de_DE","og_type":"article","og_title":"Zeichen geben - in Kontakt kommen - Kirche am Platz","og_description":"Ideen f\u00fcr engagierte Gemeinschaften oder Einzelpersonen, um selbst mittels eines zeichenhaften \"Giveaways\" mit Menschen in Kontakt zu kommen.","og_url":"https:\/\/kircheamplatz.de\/?page_id=58","og_site_name":"Kirche am Platz","article_modified_time":"2021-05-15T19:48:25+00:00","og_image":[{"url":"https:\/\/kircheamplatz.de\/wp-content\/uploads\/2021\/05\/2021-05-14-Faltblatt-Sonntag-A7-4seitig-neutral-209x300.jpg","type":"","width":"","height":""}],"twitter_card":"summary_large_image","twitter_misc":{"Gesch\u00e4tzte Lesezeit":"2\u00a0Minuten"},"schema":{"@context":"https:\/\/schema.org","@graph":[{"@type":"WebPage","@id":"https:\/\/kircheamplatz.de\/?page_id=58","url":"https:\/\/kircheamplatz.de\/?page_id=58","name":"Zeichen geben - in Kontakt kommen - Kirche am Platz","isPartOf":{"@id":"https:\/\/kircheamplatz.de\/#website"},"primaryImageOfPage":{"@id":"https:\/\/kircheamplatz.de\/?page_id=58#primaryimage"},"image":{"@id":"https:\/\/kircheamplatz.de\/?page_id=58#primaryimage"},"thumbnailUrl":"https:\/\/kircheamplatz.de\/wp-content\/uploads\/2021\/05\/2021-05-14-Faltblatt-Sonntag-A7-4seitig-neutral-209x300.jpg","datePublished":"2021-05-14T16:09:36+00:00","dateModified":"2021-05-15T19:48:25+00:00","description":"Ideen f\u00fcr engagierte Gemeinschaften oder Einzelpersonen, um selbst mittels eines zeichenhaften \"Giveaways\" mit Menschen in Kontakt zu kommen.","breadcrumb":{"@id":"https:\/\/kircheamplatz.de\/?page_id=58#breadcrumb"},"inLanguage":"de","potentialAction":[{"@type":"ReadAction","target":["https:\/\/kircheamplatz.de\/?page_id=58"]}]},{"@type":"ImageObject","inLanguage":"de","@id":"https:\/\/kircheamplatz.de\/?page_id=58#primaryimage","url":"https:\/\/kircheamplatz.de\/wp-content\/uploads\/2021\/05\/2021-05-14-Faltblatt-Sonntag-A7-4seitig-neutral.jpg","contentUrl":"https:\/\/kircheamplatz.de\/wp-content\/uploads\/2021\/05\/2021-05-14-Faltblatt-Sonntag-A7-4seitig-neutral.jpg","width":1000,"height":1438,"caption":"Faltblatt A7 als Kopiervorlage, einfarbig, und durch eigene Zus\u00e4tze und Hinweise erg\u00e4nzbar."},{"@type":"BreadcrumbList","@id":"https:\/\/kircheamplatz.de\/?page_id=58#breadcrumb","itemListElement":[{"@type":"ListItem","position":1,"name":"Startseite","item":"https:\/\/kircheamplatz.de\/"},{"@type":"ListItem","position":2,"name":"Zeichen geben &#8211; in Kontakt kommen"}]},{"@type":"WebSite","@id":"https:\/\/kircheamplatz.de\/#website","url":"https:\/\/kircheamplatz.de\/","name":"Kirche am Platz","description":"Kirchliche Pr\u00e4senz im \u00f6ffentlichen Raum (Dietrich Fr\u00f6ba, Diakon, kath., Kassel)","publisher":{"@id":"https:\/\/kircheamplatz.de\/#\/schema\/person\/a12a77ac0f78a22ffe3a33e74da0d185"},"potentialAction":[{"@type":"SearchAction","target":{"@type":"EntryPoint","urlTemplate":"https:\/\/kircheamplatz.de\/?s={search_term_string}"},"query-input":{"@type":"PropertyValueSpecification","valueRequired":true,"valueName":"search_term_string"}}],"inLanguage":"de"},{"@type":["Person","Organization"],"@id":"https:\/\/kircheamplatz.de\/#\/schema\/person\/a12a77ac0f78a22ffe3a33e74da0d185","name":"DFR","image":{"@type":"ImageObject","inLanguage":"de","@id":"https:\/\/kircheamplatz.de\/wp-content\/uploads\/2021\/05\/cropped-2020-02-12-Banner-Zeichen-geben-quer-sw-ohne-web.jpg","url":"https:\/\/kircheamplatz.de\/wp-content\/uploads\/2021\/05\/cropped-2020-02-12-Banner-Zeichen-geben-quer-sw-ohne-web.jpg","contentUrl":"https:\/\/kircheamplatz.de\/wp-content\/uploads\/2021\/05\/cropped-2020-02-12-Banner-Zeichen-geben-quer-sw-ohne-web.jpg","width":1000,"height":221,"caption":"DFR"},"logo":{"@id":"https:\/\/kircheamplatz.de\/wp-content\/uploads\/2021\/05\/cropped-2020-02-12-Banner-Zeichen-geben-quer-sw-ohne-web.jpg"},"sameAs":["https:\/\/kircheamplatz.de"]}]}},"_links":{"self":[{"href":"https:\/\/kircheamplatz.de\/index.php?rest_route=\/wp\/v2\/pages\/58","targetHints":{"allow":["GET"]}}],"collection":[{"href":"https:\/\/kircheamplatz.de\/index.php?rest_route=\/wp\/v2\/pages"}],"about":[{"href":"https:\/\/kircheamplatz.de\/index.php?rest_route=\/wp\/v2\/types\/page"}],"author":[{"embeddable":true,"href":"https:\/\/kircheamplatz.de\/index.php?rest_route=\/wp\/v2\/users\/1"}],"replies":[{"embeddable":true,"href":"https:\/\/kircheamplatz.de\/index.php?rest_route=%2Fwp%2Fv2%2Fcomments&post=58"}],"version-history":[{"count":7,"href":"https:\/\/kircheamplatz.de\/index.php?rest_route=\/wp\/v2\/pages\/58\/revisions"}],"predecessor-version":[{"id":124,"href":"https:\/\/kircheamplatz.de\/index.php?rest_route=\/wp\/v2\/pages\/58\/revisions\/124"}],"wp:attachment":[{"href":"https:\/\/kircheamplatz.de\/index.php?rest_route=%2Fwp%2Fv2%2Fmedia&parent=58"}],"curies":[{"name":"wp","href":"https:\/\/api.w.org\/{rel}","templated":true}]}}