{"id":4,"date":"2021-04-27T21:14:07","date_gmt":"2021-04-27T21:14:07","guid":{"rendered":"https:\/\/kircheamplatz.live-website.com\/willkommen-auf-https-kircheamplatz-live-website-com"},"modified":"2026-03-31T21:59:42","modified_gmt":"2026-03-31T20:59:42","slug":"intro-kirche-am-platz","status":"publish","type":"page","link":"https:\/\/kircheamplatz.de\/","title":{"rendered":"Intro: Kirche am Platz"},"content":{"rendered":"\n<figure class=\"wp-block-image size-large\"><img loading=\"lazy\" decoding=\"async\" width=\"1024\" height=\"954\" src=\"https:\/\/kircheamplatz.de\/wp-content\/uploads\/2022\/07\/2022-07-02-Salbeipflanzenverteilaktion-2000-1024x954.jpg\" alt=\"\" class=\"wp-image-210\" srcset=\"https:\/\/kircheamplatz.de\/wp-content\/uploads\/2022\/07\/2022-07-02-Salbeipflanzenverteilaktion-2000-1024x954.jpg 1024w, https:\/\/kircheamplatz.de\/wp-content\/uploads\/2022\/07\/2022-07-02-Salbeipflanzenverteilaktion-2000-300x280.jpg 300w, https:\/\/kircheamplatz.de\/wp-content\/uploads\/2022\/07\/2022-07-02-Salbeipflanzenverteilaktion-2000-768x716.jpg 768w, https:\/\/kircheamplatz.de\/wp-content\/uploads\/2022\/07\/2022-07-02-Salbeipflanzenverteilaktion-2000-1536x1432.jpg 1536w, https:\/\/kircheamplatz.de\/wp-content\/uploads\/2022\/07\/2022-07-02-Salbeipflanzenverteilaktion-2000-100x93.jpg 100w, https:\/\/kircheamplatz.de\/wp-content\/uploads\/2022\/07\/2022-07-02-Salbeipflanzenverteilaktion-2000-150x140.jpg 150w, https:\/\/kircheamplatz.de\/wp-content\/uploads\/2022\/07\/2022-07-02-Salbeipflanzenverteilaktion-2000-200x186.jpg 200w, https:\/\/kircheamplatz.de\/wp-content\/uploads\/2022\/07\/2022-07-02-Salbeipflanzenverteilaktion-2000-450x419.jpg 450w, https:\/\/kircheamplatz.de\/wp-content\/uploads\/2022\/07\/2022-07-02-Salbeipflanzenverteilaktion-2000-600x559.jpg 600w, https:\/\/kircheamplatz.de\/wp-content\/uploads\/2022\/07\/2022-07-02-Salbeipflanzenverteilaktion-2000-900x839.jpg 900w, https:\/\/kircheamplatz.de\/wp-content\/uploads\/2022\/07\/2022-07-02-Salbeipflanzenverteilaktion-2000.jpg 2000w\" sizes=\"auto, (max-width: 1024px) 100vw, 1024px\" \/><figcaption class=\"wp-element-caption\">Salbei-Pflanzen-Verteilaktion beim Stadtteilfest Kassel-Waldau am 2. Juli 2022<\/figcaption><\/figure>\n\n\n\n<p><strong>Eine Initiative von Dietrich Fr\u00f6ba, Diakon (kath.), Gef\u00e4ngnisseelsorger in Kassel<\/strong><\/p>\n\n\n\n<p>Die \u201eKirche am Platz\u201c ist urspr\u00fcnglich die Kirche Sankt Elisabeth am Friedrichsplatz in Kassel. Durch sie hat meine Initiative ihren Namen bekommen. Inwiefern ist die Kirche insgesamt heute \u201eam Platz\u201c? F\u00fcr die allermeisten Menschen ist sie belanglos geworden. Deshalb suche ich nach Wegen und Formen, um im \u00f6ffentlichen Raum au\u00dferhalb der Kirche pr\u00e4sent zu sein. <\/p>\n\n\n\n<p>&#8222;Kirche am Platz&#8220; ist nunmehr ein Info-Stand, der auf einem Lastenrad montiert ist. Mit dem bin ich zumeist an Sonntagen in den \u00f6stlichen Stadtteilen von Kassel (Bettenhausen &#8211; Forstfeld &#8211; Waldau &#8211; Fuldaauen) unterwegs.<\/p>\n\n\n\n<p>Das Ziel: Ins Gespr\u00e4ch kommen, in einer zuf\u00e4lligen Begegnung gute Erfahrungen erm\u00f6glichen &#8211; und nicht zuletzt selbst aus dieser Begegnung zu lernen. Dabei bezwecke oder erwarte ich nichts von den Menschen, die mit mir ins Gespr\u00e4ch kommen. Dazu hilft mir ein Wort Jesu selbst: &#8222;Umsonst habt ihr empfangen, umsonst sollt ihr geben (Mt 10,8).&#8220;<\/p>\n\n\n\n<p>Als Hilfsmittel dienen mir <a href=\"https:\/\/kircheamplatz.de\/?page_id=2(\u00f6ffnet in neuem Tab)\" target=\"_blank\" rel=\"noreferrer noopener\">Zeichen<\/a>, kleine Gegenst\u00e4nde, kombiniert mit einem Bild und kurzem Text auf einem Faltblatt. Die biete ich denjenigen zum Mitnehmen an, die neugierig-fragend nach mir schauen und so ein anfanghaftes Interesse vermuten lassen. Ich bin sehr vorsichtig, von mir aus Passanten anzusprechen, um sie nicht zu bel\u00e4stigen.  <\/p>\n\n\n\n<p>Wom\u00f6glich haben wir uns sogar schon auf diese Weise getroffen und ein paar Worte miteinander gewechselt. Vielleicht werden wir uns noch sehen. Ich gr\u00fc\u00dfe Sie und w\u00fcnsche Ihnen den Segen Gottes.<\/p>\n\n\n\n<p>Dietrich Fr\u00f6ba<\/p>\n\n\n\n<figure class=\"wp-block-image size-large\"><img loading=\"lazy\" decoding=\"async\" width=\"1024\" height=\"785\" src=\"https:\/\/kircheamplatz.de\/wp-content\/uploads\/2022\/06\/2022-06-18-DFr-Lastenrad-StKunigundis-1024x785.jpg\" alt=\"Dietrich Fr\u00f6ba mit dem zur &quot;Kirche am Platz&quot; umgebauten Fahrrad\" class=\"wp-image-195\" srcset=\"https:\/\/kircheamplatz.de\/wp-content\/uploads\/2022\/06\/2022-06-18-DFr-Lastenrad-StKunigundis-1024x785.jpg 1024w, https:\/\/kircheamplatz.de\/wp-content\/uploads\/2022\/06\/2022-06-18-DFr-Lastenrad-StKunigundis-300x230.jpg 300w, https:\/\/kircheamplatz.de\/wp-content\/uploads\/2022\/06\/2022-06-18-DFr-Lastenrad-StKunigundis-768x589.jpg 768w, https:\/\/kircheamplatz.de\/wp-content\/uploads\/2022\/06\/2022-06-18-DFr-Lastenrad-StKunigundis-1536x1177.jpg 1536w, https:\/\/kircheamplatz.de\/wp-content\/uploads\/2022\/06\/2022-06-18-DFr-Lastenrad-StKunigundis-2048x1569.jpg 2048w, https:\/\/kircheamplatz.de\/wp-content\/uploads\/2022\/06\/2022-06-18-DFr-Lastenrad-StKunigundis-100x77.jpg 100w, https:\/\/kircheamplatz.de\/wp-content\/uploads\/2022\/06\/2022-06-18-DFr-Lastenrad-StKunigundis-150x115.jpg 150w, https:\/\/kircheamplatz.de\/wp-content\/uploads\/2022\/06\/2022-06-18-DFr-Lastenrad-StKunigundis-200x153.jpg 200w, https:\/\/kircheamplatz.de\/wp-content\/uploads\/2022\/06\/2022-06-18-DFr-Lastenrad-StKunigundis-450x345.jpg 450w, https:\/\/kircheamplatz.de\/wp-content\/uploads\/2022\/06\/2022-06-18-DFr-Lastenrad-StKunigundis-600x460.jpg 600w, https:\/\/kircheamplatz.de\/wp-content\/uploads\/2022\/06\/2022-06-18-DFr-Lastenrad-StKunigundis-900x690.jpg 900w\" sizes=\"auto, (max-width: 1024px) 100vw, 1024px\" \/><figcaption class=\"wp-element-caption\">Dietrich Fr\u00f6ba mit dem zur &#8222;Kirche am Platz&#8220; umgebauten Fahrrad<\/figcaption><\/figure>\n\n\n<div class=\"wpforms-container wpforms-container-full wpforms-block wpforms-block-c70d1c02-10bb-4d0e-8af8-72fae1935bd9\" id=\"wpforms-153\"><form id=\"wpforms-form-153\" class=\"wpforms-validate wpforms-form\" data-formid=\"153\" method=\"post\" enctype=\"multipart\/form-data\" action=\"\/index.php?rest_route=%2Fwp%2Fv2%2Fpages%2F4\" data-token=\"6372d0f66fc19abe0b0d6a0613a13aed\" data-token-time=\"1776417333\"><div class=\"wpforms-head-container\"><div class=\"wpforms-title\">E-Mail-Nachricht an Diakon Dietrich Fr\u00f6ba<\/div><\/div><noscript class=\"wpforms-error-noscript\">Bitte aktiviere JavaScript in deinem Browser, um dieses Formular fertigzustellen.<\/noscript><div class=\"wpforms-field-container\"><div id=\"wpforms-153-field_0-container\" class=\"wpforms-field wpforms-field-name\" data-field-id=\"0\"><label class=\"wpforms-field-label\">Name <span class=\"wpforms-required-label\">*<\/span><\/label><div class=\"wpforms-field-row wpforms-field-medium\"><div class=\"wpforms-field-row-block wpforms-first wpforms-one-half\"><input type=\"text\" id=\"wpforms-153-field_0\" class=\"wpforms-field-name-first wpforms-field-required\" name=\"wpforms[fields][0][first]\" required><label for=\"wpforms-153-field_0\" class=\"wpforms-field-sublabel after\">Vorname<\/label><\/div><div class=\"wpforms-field-row-block wpforms-one-half\"><input type=\"text\" id=\"wpforms-153-field_0-last\" class=\"wpforms-field-name-last wpforms-field-required\" name=\"wpforms[fields][0][last]\" required><label for=\"wpforms-153-field_0-last\" class=\"wpforms-field-sublabel after\">Nachname<\/label><\/div><\/div><\/div><div id=\"wpforms-153-field_1-container\" class=\"wpforms-field wpforms-field-email\" data-field-id=\"1\"><label class=\"wpforms-field-label\" for=\"wpforms-153-field_1\">E-Mail <span class=\"wpforms-required-label\">*<\/span><\/label><input type=\"email\" id=\"wpforms-153-field_1\" class=\"wpforms-field-medium wpforms-field-required\" name=\"wpforms[fields][1]\" spellcheck=\"false\" required><\/div>\t\t<div id=\"wpforms-153-field_3-container\"\n\t\t\tclass=\"wpforms-field wpforms-field-text\"\n\t\t\tdata-field-type=\"text\"\n\t\t\tdata-field-id=\"3\"\n\t\t\t>\n\t\t\t<label class=\"wpforms-field-label\" for=\"wpforms-153-field_3\" >Nachricht Name E-Mail<\/label>\n\t\t\t<input type=\"text\" id=\"wpforms-153-field_3\" class=\"wpforms-field-medium\" name=\"wpforms[fields][3]\" >\n\t\t<\/div>\n\t\t<div id=\"wpforms-153-field_2-container\" class=\"wpforms-field wpforms-field-textarea\" data-field-id=\"2\"><label class=\"wpforms-field-label\" for=\"wpforms-153-field_2\">Kommentar oder Nachricht <span class=\"wpforms-required-label\">*<\/span><\/label><textarea id=\"wpforms-153-field_2\" class=\"wpforms-field-medium wpforms-field-required\" name=\"wpforms[fields][2]\" required><\/textarea><\/div><script>\n\t\t\t\t( function() {\n\t\t\t\t\tconst style = document.createElement( 'style' );\n\t\t\t\t\tstyle.appendChild( document.createTextNode( '#wpforms-153-field_3-container { position: absolute !important; overflow: hidden !important; display: inline !important; height: 1px !important; width: 1px !important; z-index: -1000 !important; padding: 0 !important; } #wpforms-153-field_3-container input { visibility: hidden; } #wpforms-conversational-form-page #wpforms-153-field_3-container label { counter-increment: none; }' ) );\n\t\t\t\t\tdocument.head.appendChild( style );\n\t\t\t\t\tdocument.currentScript?.remove();\n\t\t\t\t} )();\n\t\t\t<\/script><\/div><!-- .wpforms-field-container --><div class=\"wpforms-submit-container\" ><input type=\"hidden\" name=\"wpforms[id]\" value=\"153\"><input type=\"hidden\" name=\"page_title\" value=\"\"><input type=\"hidden\" name=\"page_url\" value=\"https:\/\/kircheamplatz.de\/index.php?rest_route=\/wp\/v2\/pages\/4\"><input type=\"hidden\" name=\"url_referer\" value=\"\"><button type=\"submit\" name=\"wpforms[submit]\" id=\"wpforms-submit-153\" class=\"wpforms-submit\" data-alt-text=\"Senden...\" data-submit-text=\"Absenden\" aria-live=\"assertive\" value=\"wpforms-submit\">Absenden<\/button><\/div><\/form><\/div>  <!-- .wpforms-container -->\n\n\n<figure class=\"wp-block-image size-full\"><img loading=\"lazy\" decoding=\"async\" width=\"1784\" height=\"2560\" src=\"https:\/\/kircheamplatz.de\/wp-content\/uploads\/2021\/04\/2021-04-27-Faltblatt-Keks-Seite-2-scaled.jpg\" alt=\"\" class=\"wp-image-24\" srcset=\"https:\/\/kircheamplatz.de\/wp-content\/uploads\/2021\/04\/2021-04-27-Faltblatt-Keks-Seite-2-scaled.jpg 1784w, https:\/\/kircheamplatz.de\/wp-content\/uploads\/2021\/04\/2021-04-27-Faltblatt-Keks-Seite-2-209x300.jpg 209w, https:\/\/kircheamplatz.de\/wp-content\/uploads\/2021\/04\/2021-04-27-Faltblatt-Keks-Seite-2-714x1024.jpg 714w, https:\/\/kircheamplatz.de\/wp-content\/uploads\/2021\/04\/2021-04-27-Faltblatt-Keks-Seite-2-768x1102.jpg 768w, https:\/\/kircheamplatz.de\/wp-content\/uploads\/2021\/04\/2021-04-27-Faltblatt-Keks-Seite-2-1070x1536.jpg 1070w, https:\/\/kircheamplatz.de\/wp-content\/uploads\/2021\/04\/2021-04-27-Faltblatt-Keks-Seite-2-1427x2048.jpg 1427w, https:\/\/kircheamplatz.de\/wp-content\/uploads\/2021\/04\/2021-04-27-Faltblatt-Keks-Seite-2-100x144.jpg 100w, https:\/\/kircheamplatz.de\/wp-content\/uploads\/2021\/04\/2021-04-27-Faltblatt-Keks-Seite-2-150x215.jpg 150w, https:\/\/kircheamplatz.de\/wp-content\/uploads\/2021\/04\/2021-04-27-Faltblatt-Keks-Seite-2-200x287.jpg 200w, https:\/\/kircheamplatz.de\/wp-content\/uploads\/2021\/04\/2021-04-27-Faltblatt-Keks-Seite-2-300x431.jpg 300w, https:\/\/kircheamplatz.de\/wp-content\/uploads\/2021\/04\/2021-04-27-Faltblatt-Keks-Seite-2-450x646.jpg 450w, https:\/\/kircheamplatz.de\/wp-content\/uploads\/2021\/04\/2021-04-27-Faltblatt-Keks-Seite-2-600x861.jpg 600w, https:\/\/kircheamplatz.de\/wp-content\/uploads\/2021\/04\/2021-04-27-Faltblatt-Keks-Seite-2-900x1292.jpg 900w\" sizes=\"auto, (max-width: 1784px) 100vw, 1784px\" \/><\/figure>\n","protected":false},"excerpt":{"rendered":"<p>Eine Initiative von Dietrich Fr\u00f6ba, Diakon (kath.), Gef\u00e4ngnisseelsorger in Kassel Die \u201eKirche am Platz\u201c ist urspr\u00fcnglich die Kirche Sankt Elisabeth am Friedrichsplatz in Kassel. Durch sie hat meine Initiative ihren Namen bekommen. Inwiefern ist die Kirche insgesamt heute \u201eam Platz\u201c? &hellip;<\/p>\n<p class=\"read-more\"> <a class=\"more-link\" href=\"https:\/\/kircheamplatz.de\/\"> <span class=\"screen-reader-text\">Intro: Kirche am Platz<\/span> Weiterlesen &raquo;<\/a><\/p>\n","protected":false},"author":1,"featured_media":0,"parent":0,"menu_order":0,"comment_status":"open","ping_status":"open","template":"full-width-page.php","meta":{"ngg_post_thumbnail":0,"footnotes":""},"class_list":["post-4","page","type-page","status-publish","hentry"],"yoast_head":"<!-- This site is optimized with the Yoast SEO plugin v27.4 - https:\/\/yoast.com\/product\/yoast-seo-wordpress\/ -->\n<title>Intro: Kirche am Platz - Kirche am Platz<\/title>\n<meta name=\"description\" content=\"&quot;Kirche am Platz&quot; ist ein auf einem Lastenrad montierter Info-Stand, mit dem Dietrich Fr\u00f6ba (Diakon, kath.) in Kassel unterwegs ist.\" \/>\n<meta name=\"robots\" content=\"index, follow, max-snippet:-1, max-image-preview:large, max-video-preview:-1\" \/>\n<link rel=\"canonical\" href=\"https:\/\/kircheamplatz.de\/\" \/>\n<meta property=\"og:locale\" content=\"de_DE\" \/>\n<meta property=\"og:type\" content=\"article\" \/>\n<meta property=\"og:title\" content=\"Intro: Kirche am Platz - Kirche am Platz\" \/>\n<meta property=\"og:description\" content=\"&quot;Kirche am Platz&quot; ist ein auf einem Lastenrad montierter Info-Stand, mit dem Dietrich Fr\u00f6ba (Diakon, kath.) in Kassel unterwegs ist.\" \/>\n<meta property=\"og:url\" content=\"https:\/\/kircheamplatz.de\/\" \/>\n<meta property=\"og:site_name\" content=\"Kirche am Platz\" \/>\n<meta property=\"article:modified_time\" content=\"2026-03-31T20:59:42+00:00\" \/>\n<meta property=\"og:image\" content=\"https:\/\/kircheamplatz.de\/wp-content\/uploads\/2022\/07\/2022-07-02-Salbeipflanzenverteilaktion-2000-1024x954.jpg\" \/>\n\t<meta property=\"og:image:width\" content=\"1024\" \/>\n\t<meta property=\"og:image:height\" content=\"954\" \/>\n\t<meta property=\"og:image:type\" content=\"image\/jpeg\" \/>\n<meta name=\"twitter:card\" content=\"summary_large_image\" \/>\n<meta name=\"twitter:label1\" content=\"Gesch\u00e4tzte Lesezeit\" \/>\n\t<meta name=\"twitter:data1\" content=\"2\u00a0Minuten\" \/>\n<script type=\"application\/ld+json\" class=\"yoast-schema-graph\">{\"@context\":\"https:\\\/\\\/schema.org\",\"@graph\":[{\"@type\":\"WebPage\",\"@id\":\"https:\\\/\\\/kircheamplatz.de\\\/\",\"url\":\"https:\\\/\\\/kircheamplatz.de\\\/\",\"name\":\"Intro: Kirche am Platz - Kirche am Platz\",\"isPartOf\":{\"@id\":\"https:\\\/\\\/kircheamplatz.de\\\/#website\"},\"primaryImageOfPage\":{\"@id\":\"https:\\\/\\\/kircheamplatz.de\\\/#primaryimage\"},\"image\":{\"@id\":\"https:\\\/\\\/kircheamplatz.de\\\/#primaryimage\"},\"thumbnailUrl\":\"https:\\\/\\\/kircheamplatz.de\\\/wp-content\\\/uploads\\\/2022\\\/07\\\/2022-07-02-Salbeipflanzenverteilaktion-2000-1024x954.jpg\",\"datePublished\":\"2021-04-27T21:14:07+00:00\",\"dateModified\":\"2026-03-31T20:59:42+00:00\",\"description\":\"\\\"Kirche am Platz\\\" ist ein auf einem Lastenrad montierter Info-Stand, mit dem Dietrich Fr\u00f6ba (Diakon, kath.) in Kassel unterwegs ist.\",\"breadcrumb\":{\"@id\":\"https:\\\/\\\/kircheamplatz.de\\\/#breadcrumb\"},\"inLanguage\":\"de\",\"potentialAction\":[{\"@type\":\"ReadAction\",\"target\":[\"https:\\\/\\\/kircheamplatz.de\\\/\"]}]},{\"@type\":\"ImageObject\",\"inLanguage\":\"de\",\"@id\":\"https:\\\/\\\/kircheamplatz.de\\\/#primaryimage\",\"url\":\"https:\\\/\\\/kircheamplatz.de\\\/wp-content\\\/uploads\\\/2022\\\/07\\\/2022-07-02-Salbeipflanzenverteilaktion-2000.jpg\",\"contentUrl\":\"https:\\\/\\\/kircheamplatz.de\\\/wp-content\\\/uploads\\\/2022\\\/07\\\/2022-07-02-Salbeipflanzenverteilaktion-2000.jpg\",\"width\":2000,\"height\":1864},{\"@type\":\"BreadcrumbList\",\"@id\":\"https:\\\/\\\/kircheamplatz.de\\\/#breadcrumb\",\"itemListElement\":[{\"@type\":\"ListItem\",\"position\":1,\"name\":\"Startseite\",\"item\":\"https:\\\/\\\/kircheamplatz.de\\\/\"},{\"@type\":\"ListItem\",\"position\":2,\"name\":\"Intro: Kirche am Platz\"}]},{\"@type\":\"WebSite\",\"@id\":\"https:\\\/\\\/kircheamplatz.de\\\/#website\",\"url\":\"https:\\\/\\\/kircheamplatz.de\\\/\",\"name\":\"Kirche am Platz\",\"description\":\"Kirchliche Pr\u00e4senz im \u00f6ffentlichen Raum (Dietrich Fr\u00f6ba, Diakon, kath., Kassel)\",\"publisher\":{\"@id\":\"https:\\\/\\\/kircheamplatz.de\\\/#\\\/schema\\\/person\\\/a12a77ac0f78a22ffe3a33e74da0d185\"},\"potentialAction\":[{\"@type\":\"SearchAction\",\"target\":{\"@type\":\"EntryPoint\",\"urlTemplate\":\"https:\\\/\\\/kircheamplatz.de\\\/?s={search_term_string}\"},\"query-input\":{\"@type\":\"PropertyValueSpecification\",\"valueRequired\":true,\"valueName\":\"search_term_string\"}}],\"inLanguage\":\"de\"},{\"@type\":[\"Person\",\"Organization\"],\"@id\":\"https:\\\/\\\/kircheamplatz.de\\\/#\\\/schema\\\/person\\\/a12a77ac0f78a22ffe3a33e74da0d185\",\"name\":\"DFR\",\"image\":{\"@type\":\"ImageObject\",\"inLanguage\":\"de\",\"@id\":\"https:\\\/\\\/kircheamplatz.de\\\/wp-content\\\/uploads\\\/2021\\\/05\\\/cropped-2020-02-12-Banner-Zeichen-geben-quer-sw-ohne-web.jpg\",\"url\":\"https:\\\/\\\/kircheamplatz.de\\\/wp-content\\\/uploads\\\/2021\\\/05\\\/cropped-2020-02-12-Banner-Zeichen-geben-quer-sw-ohne-web.jpg\",\"contentUrl\":\"https:\\\/\\\/kircheamplatz.de\\\/wp-content\\\/uploads\\\/2021\\\/05\\\/cropped-2020-02-12-Banner-Zeichen-geben-quer-sw-ohne-web.jpg\",\"width\":1000,\"height\":221,\"caption\":\"DFR\"},\"logo\":{\"@id\":\"https:\\\/\\\/kircheamplatz.de\\\/wp-content\\\/uploads\\\/2021\\\/05\\\/cropped-2020-02-12-Banner-Zeichen-geben-quer-sw-ohne-web.jpg\"},\"sameAs\":[\"https:\\\/\\\/kircheamplatz.de\"]}]}<\/script>\n<!-- \/ Yoast SEO plugin. -->","yoast_head_json":{"title":"Intro: Kirche am Platz - Kirche am Platz","description":"\"Kirche am Platz\" ist ein auf einem Lastenrad montierter Info-Stand, mit dem Dietrich Fr\u00f6ba (Diakon, kath.) in Kassel unterwegs ist.","robots":{"index":"index","follow":"follow","max-snippet":"max-snippet:-1","max-image-preview":"max-image-preview:large","max-video-preview":"max-video-preview:-1"},"canonical":"https:\/\/kircheamplatz.de\/","og_locale":"de_DE","og_type":"article","og_title":"Intro: Kirche am Platz - Kirche am Platz","og_description":"\"Kirche am Platz\" ist ein auf einem Lastenrad montierter Info-Stand, mit dem Dietrich Fr\u00f6ba (Diakon, kath.) in Kassel unterwegs ist.","og_url":"https:\/\/kircheamplatz.de\/","og_site_name":"Kirche am Platz","article_modified_time":"2026-03-31T20:59:42+00:00","og_image":[{"width":1024,"height":954,"url":"https:\/\/kircheamplatz.de\/wp-content\/uploads\/2022\/07\/2022-07-02-Salbeipflanzenverteilaktion-2000-1024x954.jpg","type":"image\/jpeg"}],"twitter_card":"summary_large_image","twitter_misc":{"Gesch\u00e4tzte Lesezeit":"2\u00a0Minuten"},"schema":{"@context":"https:\/\/schema.org","@graph":[{"@type":"WebPage","@id":"https:\/\/kircheamplatz.de\/","url":"https:\/\/kircheamplatz.de\/","name":"Intro: Kirche am Platz - Kirche am Platz","isPartOf":{"@id":"https:\/\/kircheamplatz.de\/#website"},"primaryImageOfPage":{"@id":"https:\/\/kircheamplatz.de\/#primaryimage"},"image":{"@id":"https:\/\/kircheamplatz.de\/#primaryimage"},"thumbnailUrl":"https:\/\/kircheamplatz.de\/wp-content\/uploads\/2022\/07\/2022-07-02-Salbeipflanzenverteilaktion-2000-1024x954.jpg","datePublished":"2021-04-27T21:14:07+00:00","dateModified":"2026-03-31T20:59:42+00:00","description":"\"Kirche am Platz\" ist ein auf einem Lastenrad montierter Info-Stand, mit dem Dietrich Fr\u00f6ba (Diakon, kath.) in Kassel unterwegs ist.","breadcrumb":{"@id":"https:\/\/kircheamplatz.de\/#breadcrumb"},"inLanguage":"de","potentialAction":[{"@type":"ReadAction","target":["https:\/\/kircheamplatz.de\/"]}]},{"@type":"ImageObject","inLanguage":"de","@id":"https:\/\/kircheamplatz.de\/#primaryimage","url":"https:\/\/kircheamplatz.de\/wp-content\/uploads\/2022\/07\/2022-07-02-Salbeipflanzenverteilaktion-2000.jpg","contentUrl":"https:\/\/kircheamplatz.de\/wp-content\/uploads\/2022\/07\/2022-07-02-Salbeipflanzenverteilaktion-2000.jpg","width":2000,"height":1864},{"@type":"BreadcrumbList","@id":"https:\/\/kircheamplatz.de\/#breadcrumb","itemListElement":[{"@type":"ListItem","position":1,"name":"Startseite","item":"https:\/\/kircheamplatz.de\/"},{"@type":"ListItem","position":2,"name":"Intro: Kirche am Platz"}]},{"@type":"WebSite","@id":"https:\/\/kircheamplatz.de\/#website","url":"https:\/\/kircheamplatz.de\/","name":"Kirche am Platz","description":"Kirchliche Pr\u00e4senz im \u00f6ffentlichen Raum (Dietrich Fr\u00f6ba, Diakon, kath., Kassel)","publisher":{"@id":"https:\/\/kircheamplatz.de\/#\/schema\/person\/a12a77ac0f78a22ffe3a33e74da0d185"},"potentialAction":[{"@type":"SearchAction","target":{"@type":"EntryPoint","urlTemplate":"https:\/\/kircheamplatz.de\/?s={search_term_string}"},"query-input":{"@type":"PropertyValueSpecification","valueRequired":true,"valueName":"search_term_string"}}],"inLanguage":"de"},{"@type":["Person","Organization"],"@id":"https:\/\/kircheamplatz.de\/#\/schema\/person\/a12a77ac0f78a22ffe3a33e74da0d185","name":"DFR","image":{"@type":"ImageObject","inLanguage":"de","@id":"https:\/\/kircheamplatz.de\/wp-content\/uploads\/2021\/05\/cropped-2020-02-12-Banner-Zeichen-geben-quer-sw-ohne-web.jpg","url":"https:\/\/kircheamplatz.de\/wp-content\/uploads\/2021\/05\/cropped-2020-02-12-Banner-Zeichen-geben-quer-sw-ohne-web.jpg","contentUrl":"https:\/\/kircheamplatz.de\/wp-content\/uploads\/2021\/05\/cropped-2020-02-12-Banner-Zeichen-geben-quer-sw-ohne-web.jpg","width":1000,"height":221,"caption":"DFR"},"logo":{"@id":"https:\/\/kircheamplatz.de\/wp-content\/uploads\/2021\/05\/cropped-2020-02-12-Banner-Zeichen-geben-quer-sw-ohne-web.jpg"},"sameAs":["https:\/\/kircheamplatz.de"]}]}},"_links":{"self":[{"href":"https:\/\/kircheamplatz.de\/index.php?rest_route=\/wp\/v2\/pages\/4","targetHints":{"allow":["GET"]}}],"collection":[{"href":"https:\/\/kircheamplatz.de\/index.php?rest_route=\/wp\/v2\/pages"}],"about":[{"href":"https:\/\/kircheamplatz.de\/index.php?rest_route=\/wp\/v2\/types\/page"}],"author":[{"embeddable":true,"href":"https:\/\/kircheamplatz.de\/index.php?rest_route=\/wp\/v2\/users\/1"}],"replies":[{"embeddable":true,"href":"https:\/\/kircheamplatz.de\/index.php?rest_route=%2Fwp%2Fv2%2Fcomments&post=4"}],"version-history":[{"count":21,"href":"https:\/\/kircheamplatz.de\/index.php?rest_route=\/wp\/v2\/pages\/4\/revisions"}],"predecessor-version":[{"id":254,"href":"https:\/\/kircheamplatz.de\/index.php?rest_route=\/wp\/v2\/pages\/4\/revisions\/254"}],"wp:attachment":[{"href":"https:\/\/kircheamplatz.de\/index.php?rest_route=%2Fwp%2Fv2%2Fmedia&parent=4"}],"curies":[{"name":"wp","href":"https:\/\/api.w.org\/{rel}","templated":true}]}}