{"id":3,"date":"2021-04-27T21:07:27","date_gmt":"2021-04-27T21:07:27","guid":{"rendered":"https:\/\/kircheamplatz.live-website.com\/?page_id=3"},"modified":"2021-05-15T20:19:39","modified_gmt":"2021-05-15T19:19:39","slug":"impressum-datenschutz","status":"publish","type":"page","link":"https:\/\/kircheamplatz.de\/?page_id=3","title":{"rendered":"Impressum \/ Datenschutz"},"content":{"rendered":"\n<h2 class=\"wp-block-heading\">Wer ich bin<\/h2>\n\n\n\n<p>Dietrich Fr\u00f6ba, Hupfeldstr. 6, 34121 Kassel, Telefon: 0561-3102179, E-Mail: <a href=\"mailto:info@kircheamplatz.de\">info@kircheamplatz.de<\/a><\/p>\n\n\n\n<h2 class=\"wp-block-heading\">Rechtsgrundlagen<\/h2>\n\n\n\n<p>Insofern ich f\u00fcr die Verarbeitung der personenbezogenen Daten eine Einwilligung der betroffenen Person eingeholt habe, gilt Artikel 6 Absatz 1 Unterabsatz 1a der DSGVO als rechtliche Grundlage.<\/p>\n\n\n\n<p>Ist die Verarbeitung personenbezogener Daten f\u00fcr die Erf\u00fcllung eines Vertrags mit der betroffenen Person oder f\u00fcr vorvertragliche Ma\u00dfnahmen erforderlich, die durch die betroffene Person veranlasst wurden, dient Artikel 6 Absatz 1 Unterabsatz 1b (DSGVO) als Rechtsgrundlage.<\/p>\n\n\n\n<p>Ist die Datenverarbeitung das Resultat einer rechtlichen Verpflichtung, der ich unterliege, berufe ich mich auf Artikel 6 Absatz 1 Unterabsatz 1c der DSGVO als rechtliche Basis.<\/p>\n\n\n\n<p>Erfolgt die Verarbeitung personenbezogener Daten, um lebenswichtige Interessen der betroffenen Person oder einer anderen nat\u00fcrlichen Person zu sch\u00fctzen, dient Artikel 6 Absatz 1 Unterabsatz 1d (DSGVO) als Rechtsgrundlage.<\/p>\n\n\n\n<p>Dient die Datenverarbeitung einer Aufgabe, die im \u00f6ffentlichen Interesse liegt oder in Aus\u00fcbung \u00f6ffentlicher Gewalt erfolgt, berufe ich mich auf Artikel 6 Absatz 1 Unterabsatz 1e der DSGVO.<\/p>\n\n\n\n<p>Insofern die Verarbeitung personenbezogener Daten erforderlich ist, um berechtigte Interessen des Verantwortlichen oder eines Dritten zu wahren \u2013 ohne dabei die Interessen, Grundrechte oder Grundfreiheiten der betroffenen Person zu gef\u00e4hrden \u2013, gilt Artikel 6 Absatz 1 Unterabsatz 1f (DSGVO) als Rechtsgrundlage.<\/p>\n\n\n\n<h2 class=\"wp-block-heading\">Zweck der Datenerhebung und Datenverarbeitung<\/h2>\n\n\n\n<p>Um Ihren Besuch so benutzerfreundlich wie m\u00f6glich zu gestalten und s\u00e4mtliche verf\u00fcgbaren Funktionen anbieten zu k\u00f6nnen, erhebt die Software zum Management dieses Internet-Auftrittes eine Reihe von Daten und Informationen des Ger\u00e4ts, mit dem Sie meine Website aufgerufen haben. Dabei handelt es sich um folgende Daten:<\/p>\n\n\n\n<p>IP-Adresse; Betriebssystem; Browsertyp und -version; Datum und Uhrzeit des Zugriffs.<\/p>\n\n\n\n<p>Eine Auswertung dieser Daten zu Marketingzwecken findet in diesem Zusammenhang nicht statt.<\/p>\n\n\n\n<h2 class=\"wp-block-heading\">Dauer der Datenspeicherung<\/h2>\n\n\n\n<p>Alle personenbezogenen Daten, die ich (die Software zum Management dieses Internetauftrittes) w\u00e4hrend Ihres Besuchs durch den Einsatz von Sitzungs-Cookies gesammelt habe, werden automatisch gel\u00f6scht, sobald der Zweck f\u00fcr ihre Erhebung erf\u00fcllt ist. Die Sitzungsdaten werden demnach so lange gespeichert, bis Sie Ihre Sitzung beenden (durch das Verlassen bzw. Schlie\u00dfen der Website).<\/p>\n\n\n\n<h2 class=\"wp-block-heading\">Ihre Rechte als Betroffener im Sinne der DSGVO<\/h2>\n\n\n\n<p>Im Sinne der DSGVO z\u00e4hlen Sie als Betroffener, wenn personenbezogene Daten, die Sie betreffen, von uns verarbeitet werden. Aus diesem Grund k\u00f6nnen Sie von verschiedenen Betroffenenrechten Gebrauch machen, die in der Datenschutz-Grundverordnung verankert sind. Hierbei handelt es sich um das Auskunftsrecht (Artikel 15 DSGVO), das Recht auf Berichtigung (Artikel 16 DSGVO), das Recht auf L\u00f6schung (Artikel 17 DSGVO), das Recht auf Einschr\u00e4nkung der Verarbeitung (Artikel 18 DSGVO), das Widerspruchsrecht (Artikel 21 DSGVO), das Recht auf Beschwerde bei einer Aufsichtsbeh\u00f6rde (Artikel 77 DSGVO) sowie das Recht auf Daten\u00fcbertragbarkeit (Artikel 20 DSGVO).<\/p>\n\n\n<a  href=\"#consent-change\" role=\"button\" id=\"rcb-sc-link-change\" data-success-message=\"\" class=\"rcb-sc-link rcb-sc-link-change \">Privatsph\u00e4re-Einstellungen \u00e4ndern<\/a>\n","protected":false},"excerpt":{"rendered":"<p>Wer ich bin Dietrich Fr\u00f6ba, Hupfeldstr. 6, 34121 Kassel, Telefon: 0561-3102179, E-Mail: info@kircheamplatz.de Rechtsgrundlagen Insofern ich f\u00fcr die Verarbeitung der personenbezogenen Daten eine Einwilligung der betroffenen Person eingeholt habe, gilt Artikel 6 Absatz 1 Unterabsatz 1a der DSGVO als rechtliche &hellip;<\/p>\n<p class=\"read-more\"> <a class=\"more-link\" href=\"https:\/\/kircheamplatz.de\/?page_id=3\"> <span class=\"screen-reader-text\">Impressum \/ Datenschutz<\/span> Weiterlesen &raquo;<\/a><\/p>\n","protected":false},"author":1,"featured_media":0,"parent":0,"menu_order":0,"comment_status":"closed","ping_status":"open","template":"full-width-page.php","meta":{"ngg_post_thumbnail":0,"footnotes":""},"class_list":["post-3","page","type-page","status-publish","hentry"],"yoast_head":"<!-- This site is optimized with the Yoast SEO plugin v27.4 - https:\/\/yoast.com\/product\/yoast-seo-wordpress\/ -->\n<title>Impressum \/ Datenschutz - Kirche am Platz<\/title>\n<meta name=\"description\" content=\"Diese Seite enth\u00e4lt die publikationsrechtlich erforderlichen Urheber\/Autorenangaben und datenschutzrechtliche Bestimmungen\" \/>\n<meta name=\"robots\" content=\"index, follow, max-snippet:-1, max-image-preview:large, max-video-preview:-1\" \/>\n<link rel=\"canonical\" href=\"https:\/\/kircheamplatz.de\/?page_id=3\" \/>\n<meta property=\"og:locale\" content=\"de_DE\" \/>\n<meta property=\"og:type\" content=\"article\" \/>\n<meta property=\"og:title\" content=\"Impressum \/ Datenschutz - Kirche am Platz\" \/>\n<meta property=\"og:description\" content=\"Diese Seite enth\u00e4lt die publikationsrechtlich erforderlichen Urheber\/Autorenangaben und datenschutzrechtliche Bestimmungen\" \/>\n<meta property=\"og:url\" content=\"https:\/\/kircheamplatz.de\/?page_id=3\" \/>\n<meta property=\"og:site_name\" content=\"Kirche am Platz\" \/>\n<meta property=\"article:modified_time\" content=\"2021-05-15T19:19:39+00:00\" \/>\n<meta name=\"twitter:card\" content=\"summary_large_image\" \/>\n<meta name=\"twitter:label1\" content=\"Gesch\u00e4tzte Lesezeit\" \/>\n\t<meta name=\"twitter:data1\" content=\"2\u00a0Minuten\" \/>\n<script type=\"application\/ld+json\" class=\"yoast-schema-graph\">{\"@context\":\"https:\\\/\\\/schema.org\",\"@graph\":[{\"@type\":\"WebPage\",\"@id\":\"https:\\\/\\\/kircheamplatz.de\\\/?page_id=3\",\"url\":\"https:\\\/\\\/kircheamplatz.de\\\/?page_id=3\",\"name\":\"Impressum \\\/ Datenschutz - Kirche am Platz\",\"isPartOf\":{\"@id\":\"https:\\\/\\\/kircheamplatz.de\\\/#website\"},\"datePublished\":\"2021-04-27T21:07:27+00:00\",\"dateModified\":\"2021-05-15T19:19:39+00:00\",\"description\":\"Diese Seite enth\u00e4lt die publikationsrechtlich erforderlichen Urheber\\\/Autorenangaben und datenschutzrechtliche Bestimmungen\",\"breadcrumb\":{\"@id\":\"https:\\\/\\\/kircheamplatz.de\\\/?page_id=3#breadcrumb\"},\"inLanguage\":\"de\",\"potentialAction\":[{\"@type\":\"ReadAction\",\"target\":[\"https:\\\/\\\/kircheamplatz.de\\\/?page_id=3\"]}]},{\"@type\":\"BreadcrumbList\",\"@id\":\"https:\\\/\\\/kircheamplatz.de\\\/?page_id=3#breadcrumb\",\"itemListElement\":[{\"@type\":\"ListItem\",\"position\":1,\"name\":\"Startseite\",\"item\":\"https:\\\/\\\/kircheamplatz.de\\\/\"},{\"@type\":\"ListItem\",\"position\":2,\"name\":\"Impressum \\\/ Datenschutz\"}]},{\"@type\":\"WebSite\",\"@id\":\"https:\\\/\\\/kircheamplatz.de\\\/#website\",\"url\":\"https:\\\/\\\/kircheamplatz.de\\\/\",\"name\":\"Kirche am Platz\",\"description\":\"Kirchliche Pr\u00e4senz im \u00f6ffentlichen Raum (Dietrich Fr\u00f6ba, Diakon, kath., Kassel)\",\"publisher\":{\"@id\":\"https:\\\/\\\/kircheamplatz.de\\\/#\\\/schema\\\/person\\\/a12a77ac0f78a22ffe3a33e74da0d185\"},\"potentialAction\":[{\"@type\":\"SearchAction\",\"target\":{\"@type\":\"EntryPoint\",\"urlTemplate\":\"https:\\\/\\\/kircheamplatz.de\\\/?s={search_term_string}\"},\"query-input\":{\"@type\":\"PropertyValueSpecification\",\"valueRequired\":true,\"valueName\":\"search_term_string\"}}],\"inLanguage\":\"de\"},{\"@type\":[\"Person\",\"Organization\"],\"@id\":\"https:\\\/\\\/kircheamplatz.de\\\/#\\\/schema\\\/person\\\/a12a77ac0f78a22ffe3a33e74da0d185\",\"name\":\"DFR\",\"image\":{\"@type\":\"ImageObject\",\"inLanguage\":\"de\",\"@id\":\"https:\\\/\\\/kircheamplatz.de\\\/wp-content\\\/uploads\\\/2021\\\/05\\\/cropped-2020-02-12-Banner-Zeichen-geben-quer-sw-ohne-web.jpg\",\"url\":\"https:\\\/\\\/kircheamplatz.de\\\/wp-content\\\/uploads\\\/2021\\\/05\\\/cropped-2020-02-12-Banner-Zeichen-geben-quer-sw-ohne-web.jpg\",\"contentUrl\":\"https:\\\/\\\/kircheamplatz.de\\\/wp-content\\\/uploads\\\/2021\\\/05\\\/cropped-2020-02-12-Banner-Zeichen-geben-quer-sw-ohne-web.jpg\",\"width\":1000,\"height\":221,\"caption\":\"DFR\"},\"logo\":{\"@id\":\"https:\\\/\\\/kircheamplatz.de\\\/wp-content\\\/uploads\\\/2021\\\/05\\\/cropped-2020-02-12-Banner-Zeichen-geben-quer-sw-ohne-web.jpg\"},\"sameAs\":[\"https:\\\/\\\/kircheamplatz.de\"]}]}<\/script>\n<!-- \/ Yoast SEO plugin. -->","yoast_head_json":{"title":"Impressum \/ Datenschutz - Kirche am Platz","description":"Diese Seite enth\u00e4lt die publikationsrechtlich erforderlichen Urheber\/Autorenangaben und datenschutzrechtliche Bestimmungen","robots":{"index":"index","follow":"follow","max-snippet":"max-snippet:-1","max-image-preview":"max-image-preview:large","max-video-preview":"max-video-preview:-1"},"canonical":"https:\/\/kircheamplatz.de\/?page_id=3","og_locale":"de_DE","og_type":"article","og_title":"Impressum \/ Datenschutz - Kirche am Platz","og_description":"Diese Seite enth\u00e4lt die publikationsrechtlich erforderlichen Urheber\/Autorenangaben und datenschutzrechtliche Bestimmungen","og_url":"https:\/\/kircheamplatz.de\/?page_id=3","og_site_name":"Kirche am Platz","article_modified_time":"2021-05-15T19:19:39+00:00","twitter_card":"summary_large_image","twitter_misc":{"Gesch\u00e4tzte Lesezeit":"2\u00a0Minuten"},"schema":{"@context":"https:\/\/schema.org","@graph":[{"@type":"WebPage","@id":"https:\/\/kircheamplatz.de\/?page_id=3","url":"https:\/\/kircheamplatz.de\/?page_id=3","name":"Impressum \/ Datenschutz - Kirche am Platz","isPartOf":{"@id":"https:\/\/kircheamplatz.de\/#website"},"datePublished":"2021-04-27T21:07:27+00:00","dateModified":"2021-05-15T19:19:39+00:00","description":"Diese Seite enth\u00e4lt die publikationsrechtlich erforderlichen Urheber\/Autorenangaben und datenschutzrechtliche Bestimmungen","breadcrumb":{"@id":"https:\/\/kircheamplatz.de\/?page_id=3#breadcrumb"},"inLanguage":"de","potentialAction":[{"@type":"ReadAction","target":["https:\/\/kircheamplatz.de\/?page_id=3"]}]},{"@type":"BreadcrumbList","@id":"https:\/\/kircheamplatz.de\/?page_id=3#breadcrumb","itemListElement":[{"@type":"ListItem","position":1,"name":"Startseite","item":"https:\/\/kircheamplatz.de\/"},{"@type":"ListItem","position":2,"name":"Impressum \/ Datenschutz"}]},{"@type":"WebSite","@id":"https:\/\/kircheamplatz.de\/#website","url":"https:\/\/kircheamplatz.de\/","name":"Kirche am Platz","description":"Kirchliche Pr\u00e4senz im \u00f6ffentlichen Raum (Dietrich Fr\u00f6ba, Diakon, kath., Kassel)","publisher":{"@id":"https:\/\/kircheamplatz.de\/#\/schema\/person\/a12a77ac0f78a22ffe3a33e74da0d185"},"potentialAction":[{"@type":"SearchAction","target":{"@type":"EntryPoint","urlTemplate":"https:\/\/kircheamplatz.de\/?s={search_term_string}"},"query-input":{"@type":"PropertyValueSpecification","valueRequired":true,"valueName":"search_term_string"}}],"inLanguage":"de"},{"@type":["Person","Organization"],"@id":"https:\/\/kircheamplatz.de\/#\/schema\/person\/a12a77ac0f78a22ffe3a33e74da0d185","name":"DFR","image":{"@type":"ImageObject","inLanguage":"de","@id":"https:\/\/kircheamplatz.de\/wp-content\/uploads\/2021\/05\/cropped-2020-02-12-Banner-Zeichen-geben-quer-sw-ohne-web.jpg","url":"https:\/\/kircheamplatz.de\/wp-content\/uploads\/2021\/05\/cropped-2020-02-12-Banner-Zeichen-geben-quer-sw-ohne-web.jpg","contentUrl":"https:\/\/kircheamplatz.de\/wp-content\/uploads\/2021\/05\/cropped-2020-02-12-Banner-Zeichen-geben-quer-sw-ohne-web.jpg","width":1000,"height":221,"caption":"DFR"},"logo":{"@id":"https:\/\/kircheamplatz.de\/wp-content\/uploads\/2021\/05\/cropped-2020-02-12-Banner-Zeichen-geben-quer-sw-ohne-web.jpg"},"sameAs":["https:\/\/kircheamplatz.de"]}]}},"_links":{"self":[{"href":"https:\/\/kircheamplatz.de\/index.php?rest_route=\/wp\/v2\/pages\/3","targetHints":{"allow":["GET"]}}],"collection":[{"href":"https:\/\/kircheamplatz.de\/index.php?rest_route=\/wp\/v2\/pages"}],"about":[{"href":"https:\/\/kircheamplatz.de\/index.php?rest_route=\/wp\/v2\/types\/page"}],"author":[{"embeddable":true,"href":"https:\/\/kircheamplatz.de\/index.php?rest_route=\/wp\/v2\/users\/1"}],"replies":[{"embeddable":true,"href":"https:\/\/kircheamplatz.de\/index.php?rest_route=%2Fwp%2Fv2%2Fcomments&post=3"}],"version-history":[{"count":3,"href":"https:\/\/kircheamplatz.de\/index.php?rest_route=\/wp\/v2\/pages\/3\/revisions"}],"predecessor-version":[{"id":105,"href":"https:\/\/kircheamplatz.de\/index.php?rest_route=\/wp\/v2\/pages\/3\/revisions\/105"}],"wp:attachment":[{"href":"https:\/\/kircheamplatz.de\/index.php?rest_route=%2Fwp%2Fv2%2Fmedia&parent=3"}],"curies":[{"name":"wp","href":"https:\/\/api.w.org\/{rel}","templated":true}]}}