{"id":2,"date":"2021-04-27T21:07:27","date_gmt":"2021-04-27T21:07:27","guid":{"rendered":"https:\/\/kircheamplatz.live-website.com\/?page_id=2"},"modified":"2021-05-16T21:40:54","modified_gmt":"2021-05-16T20:40:54","slug":"faltblaetter-zum-herunterladen","status":"publish","type":"page","link":"https:\/\/kircheamplatz.de\/?page_id=2","title":{"rendered":"Zeichen"},"content":{"rendered":"\n<p>Materialien zum Mitnehmen, Anschauen, Begreifen<\/p>\n\n\n\n<p>Auf dem Fahrrad der \u201eKirche am Platz\u201c liegt einiges zum (nat\u00fcrlich kostenfreien) Mitnehmen aus. Dabei handelt es sich um \u201eeine Sache\u201c, zu der dann ein kurzer Text mit Bild kommen. Beides zusammengenommen ergibt ein Zeichen. Diese Zeichen sind dazu da, um hinzuweisen, zu erinnern, aufmerksam zu machen &#8211; auf Jesus Christus.<\/p>\n\n\n\n<p>Wenn sich jemand f\u00fcr die Dinge und Materialien auf dem Fahrrad interessiert, dann bitte ich Sie oder ihn, sie einfach mitzunehmen und in Ruhe zuhause anzuschauen. Hier sind die dazugeh\u00f6rigen Motivkarten und Textbl\u00e4tter zum Herunterladen:<\/p>\n\n\n\n<figure class=\"wp-block-image size-medium\"><a href=\"https:\/\/kircheamplatz.de\/wp-content\/uploads\/2021\/05\/2021-03-15-Faltblatt-Keks-A7-4seitig-web.pdf\" target=\"_blank\" rel=\"noopener\"><img loading=\"lazy\" decoding=\"async\" width=\"209\" height=\"300\" src=\"https:\/\/kircheamplatz.de\/wp-content\/uploads\/2021\/05\/2021-03-15-Faltblatt-Keks-A7-4seitig-web-209x300.jpg\" alt=\"Dieser Keks ist Zeichen\" class=\"wp-image-37\" srcset=\"https:\/\/kircheamplatz.de\/wp-content\/uploads\/2021\/05\/2021-03-15-Faltblatt-Keks-A7-4seitig-web-209x300.jpg 209w, https:\/\/kircheamplatz.de\/wp-content\/uploads\/2021\/05\/2021-03-15-Faltblatt-Keks-A7-4seitig-web-712x1024.jpg 712w, https:\/\/kircheamplatz.de\/wp-content\/uploads\/2021\/05\/2021-03-15-Faltblatt-Keks-A7-4seitig-web-768x1104.jpg 768w, https:\/\/kircheamplatz.de\/wp-content\/uploads\/2021\/05\/2021-03-15-Faltblatt-Keks-A7-4seitig-web-100x144.jpg 100w, https:\/\/kircheamplatz.de\/wp-content\/uploads\/2021\/05\/2021-03-15-Faltblatt-Keks-A7-4seitig-web-150x216.jpg 150w, https:\/\/kircheamplatz.de\/wp-content\/uploads\/2021\/05\/2021-03-15-Faltblatt-Keks-A7-4seitig-web-200x288.jpg 200w, https:\/\/kircheamplatz.de\/wp-content\/uploads\/2021\/05\/2021-03-15-Faltblatt-Keks-A7-4seitig-web-300x431.jpg 300w, https:\/\/kircheamplatz.de\/wp-content\/uploads\/2021\/05\/2021-03-15-Faltblatt-Keks-A7-4seitig-web-450x647.jpg 450w, https:\/\/kircheamplatz.de\/wp-content\/uploads\/2021\/05\/2021-03-15-Faltblatt-Keks-A7-4seitig-web-600x863.jpg 600w, https:\/\/kircheamplatz.de\/wp-content\/uploads\/2021\/05\/2021-03-15-Faltblatt-Keks-A7-4seitig-web-900x1294.jpg 900w, https:\/\/kircheamplatz.de\/wp-content\/uploads\/2021\/05\/2021-03-15-Faltblatt-Keks-A7-4seitig-web.jpg 1000w\" sizes=\"auto, (max-width: 209px) 100vw, 209px\" \/><\/a><\/figure>\n\n\n\n<div class=\"wp-block-file\"><a href=\"https:\/\/kircheamplatz.de\/wp-content\/uploads\/2021\/05\/2021-03-15-Faltblatt-Keks-A7-4seitig-web.pdf\">Zum Keks mit dem Kreuz: Faltblatt als PDF <\/a><a href=\"https:\/\/kircheamplatz.de\/wp-content\/uploads\/2021\/05\/2021-03-15-Faltblatt-Keks-A7-4seitig-web.pdf\" class=\"wp-block-file__button\" download>Herunterladen<\/a><\/div>\n\n\n\n<figure class=\"wp-block-image size-medium is-resized\"><a href=\"https:\/\/kircheamplatz.de\/wp-content\/uploads\/2021\/05\/2021-05-14-Postkarte-Rosenkranz-109x214-mm-web.pdf\" target=\"_blank\" rel=\"noopener\"><img loading=\"lazy\" decoding=\"async\" src=\"https:\/\/kircheamplatz.de\/wp-content\/uploads\/2021\/05\/2021-05-14-Postkarte-Rosenkranz-109x214-mm-web-208x300.jpg\" alt=\"Zum Rosenkranzgebet\" class=\"wp-image-45\" width=\"208\" height=\"300\" srcset=\"https:\/\/kircheamplatz.de\/wp-content\/uploads\/2021\/05\/2021-05-14-Postkarte-Rosenkranz-109x214-mm-web-208x300.jpg 208w, https:\/\/kircheamplatz.de\/wp-content\/uploads\/2021\/05\/2021-05-14-Postkarte-Rosenkranz-109x214-mm-web-712x1024.jpg 712w, https:\/\/kircheamplatz.de\/wp-content\/uploads\/2021\/05\/2021-05-14-Postkarte-Rosenkranz-109x214-mm-web-768x1105.jpg 768w, https:\/\/kircheamplatz.de\/wp-content\/uploads\/2021\/05\/2021-05-14-Postkarte-Rosenkranz-109x214-mm-web-100x144.jpg 100w, https:\/\/kircheamplatz.de\/wp-content\/uploads\/2021\/05\/2021-05-14-Postkarte-Rosenkranz-109x214-mm-web-150x216.jpg 150w, https:\/\/kircheamplatz.de\/wp-content\/uploads\/2021\/05\/2021-05-14-Postkarte-Rosenkranz-109x214-mm-web-200x288.jpg 200w, https:\/\/kircheamplatz.de\/wp-content\/uploads\/2021\/05\/2021-05-14-Postkarte-Rosenkranz-109x214-mm-web-300x432.jpg 300w, https:\/\/kircheamplatz.de\/wp-content\/uploads\/2021\/05\/2021-05-14-Postkarte-Rosenkranz-109x214-mm-web-450x648.jpg 450w, https:\/\/kircheamplatz.de\/wp-content\/uploads\/2021\/05\/2021-05-14-Postkarte-Rosenkranz-109x214-mm-web-600x863.jpg 600w, https:\/\/kircheamplatz.de\/wp-content\/uploads\/2021\/05\/2021-05-14-Postkarte-Rosenkranz-109x214-mm-web-900x1295.jpg 900w, https:\/\/kircheamplatz.de\/wp-content\/uploads\/2021\/05\/2021-05-14-Postkarte-Rosenkranz-109x214-mm-web.jpg 1000w\" sizes=\"auto, (max-width: 208px) 100vw, 208px\" \/><\/a><\/figure>\n\n\n\n<div class=\"wp-block-file\"><a href=\"https:\/\/kircheamplatz.de\/wp-content\/uploads\/2021\/05\/2021-05-14-Postkarte-Rosenkranz-109x214-mm-web.pdf\">Zum Rosenkranz: Faltblatt als PDF<\/a><a href=\"https:\/\/kircheamplatz.de\/wp-content\/uploads\/2021\/05\/2021-05-14-Postkarte-Rosenkranz-109x214-mm-web.pdf\" class=\"wp-block-file__button\" download>Herunterladen<\/a><\/div>\n\n\n\n<figure class=\"wp-block-image size-medium\"><a href=\"https:\/\/kircheamplatz.de\/wp-content\/uploads\/2021\/05\/2019-04-02-Faltblatt-A7-Osteraktion-web.pdf\" target=\"_blank\" rel=\"noopener\"><img loading=\"lazy\" decoding=\"async\" width=\"207\" height=\"300\" src=\"https:\/\/kircheamplatz.de\/wp-content\/uploads\/2021\/05\/2019-04-02-Faltblatt-A7-Osteraktion-web-207x300.jpg\" alt=\"Zu Ostern\" class=\"wp-image-34\" srcset=\"https:\/\/kircheamplatz.de\/wp-content\/uploads\/2021\/05\/2019-04-02-Faltblatt-A7-Osteraktion-web-207x300.jpg 207w, https:\/\/kircheamplatz.de\/wp-content\/uploads\/2021\/05\/2019-04-02-Faltblatt-A7-Osteraktion-web-707x1024.jpg 707w, https:\/\/kircheamplatz.de\/wp-content\/uploads\/2021\/05\/2019-04-02-Faltblatt-A7-Osteraktion-web-768x1113.jpg 768w, https:\/\/kircheamplatz.de\/wp-content\/uploads\/2021\/05\/2019-04-02-Faltblatt-A7-Osteraktion-web-100x145.jpg 100w, https:\/\/kircheamplatz.de\/wp-content\/uploads\/2021\/05\/2019-04-02-Faltblatt-A7-Osteraktion-web-150x217.jpg 150w, https:\/\/kircheamplatz.de\/wp-content\/uploads\/2021\/05\/2019-04-02-Faltblatt-A7-Osteraktion-web-200x290.jpg 200w, https:\/\/kircheamplatz.de\/wp-content\/uploads\/2021\/05\/2019-04-02-Faltblatt-A7-Osteraktion-web-300x435.jpg 300w, https:\/\/kircheamplatz.de\/wp-content\/uploads\/2021\/05\/2019-04-02-Faltblatt-A7-Osteraktion-web-450x652.jpg 450w, https:\/\/kircheamplatz.de\/wp-content\/uploads\/2021\/05\/2019-04-02-Faltblatt-A7-Osteraktion-web-600x869.jpg 600w, https:\/\/kircheamplatz.de\/wp-content\/uploads\/2021\/05\/2019-04-02-Faltblatt-A7-Osteraktion-web-900x1304.jpg 900w, https:\/\/kircheamplatz.de\/wp-content\/uploads\/2021\/05\/2019-04-02-Faltblatt-A7-Osteraktion-web.jpg 1000w\" sizes=\"auto, (max-width: 207px) 100vw, 207px\" \/><\/a><\/figure>\n\n\n\n<div class=\"wp-block-file\"><a href=\"https:\/\/kircheamplatz.de\/wp-content\/uploads\/2021\/05\/2019-04-02-Faltblatt-A7-Osteraktion-web.pdf\">Zu Ostern: Faltblatt als PDF<\/a><a href=\"https:\/\/kircheamplatz.de\/wp-content\/uploads\/2021\/05\/2019-04-02-Faltblatt-A7-Osteraktion-web.pdf\" class=\"wp-block-file__button\" download>Herunterladen<\/a><\/div>\n\n\n\n<figure class=\"wp-block-image size-medium\"><a href=\"https:\/\/kircheamplatz.de\/wp-content\/uploads\/2021\/05\/2021-05-14-Faltblatt-Duft-Sonntag-A7-4seitig-web.pdf\" target=\"_blank\" rel=\"noopener\"><img loading=\"lazy\" decoding=\"async\" width=\"208\" height=\"300\" src=\"https:\/\/kircheamplatz.de\/wp-content\/uploads\/2021\/05\/2021-05-14-Faltblatt-Duft-Sonntag-A7-4seitig-web-208x300.jpg\" alt=\"Zum Sonntag\" class=\"wp-image-41\" srcset=\"https:\/\/kircheamplatz.de\/wp-content\/uploads\/2021\/05\/2021-05-14-Faltblatt-Duft-Sonntag-A7-4seitig-web-208x300.jpg 208w, https:\/\/kircheamplatz.de\/wp-content\/uploads\/2021\/05\/2021-05-14-Faltblatt-Duft-Sonntag-A7-4seitig-web-711x1024.jpg 711w, https:\/\/kircheamplatz.de\/wp-content\/uploads\/2021\/05\/2021-05-14-Faltblatt-Duft-Sonntag-A7-4seitig-web-768x1106.jpg 768w, https:\/\/kircheamplatz.de\/wp-content\/uploads\/2021\/05\/2021-05-14-Faltblatt-Duft-Sonntag-A7-4seitig-web-100x144.jpg 100w, https:\/\/kircheamplatz.de\/wp-content\/uploads\/2021\/05\/2021-05-14-Faltblatt-Duft-Sonntag-A7-4seitig-web-150x216.jpg 150w, https:\/\/kircheamplatz.de\/wp-content\/uploads\/2021\/05\/2021-05-14-Faltblatt-Duft-Sonntag-A7-4seitig-web-200x288.jpg 200w, https:\/\/kircheamplatz.de\/wp-content\/uploads\/2021\/05\/2021-05-14-Faltblatt-Duft-Sonntag-A7-4seitig-web-300x432.jpg 300w, https:\/\/kircheamplatz.de\/wp-content\/uploads\/2021\/05\/2021-05-14-Faltblatt-Duft-Sonntag-A7-4seitig-web-450x648.jpg 450w, https:\/\/kircheamplatz.de\/wp-content\/uploads\/2021\/05\/2021-05-14-Faltblatt-Duft-Sonntag-A7-4seitig-web-600x864.jpg 600w, https:\/\/kircheamplatz.de\/wp-content\/uploads\/2021\/05\/2021-05-14-Faltblatt-Duft-Sonntag-A7-4seitig-web-900x1296.jpg 900w, https:\/\/kircheamplatz.de\/wp-content\/uploads\/2021\/05\/2021-05-14-Faltblatt-Duft-Sonntag-A7-4seitig-web.jpg 1000w\" sizes=\"auto, (max-width: 208px) 100vw, 208px\" \/><\/a><\/figure>\n\n\n\n<div class=\"wp-block-file\"><a href=\"https:\/\/kircheamplatz.de\/wp-content\/uploads\/2021\/05\/2021-05-14-Faltblatt-Duft-Sonntag-A7-4seitig-web.pdf\">Zu einem Glas mit Gew\u00fcrznelken: Faltblatt als PDF<\/a><a href=\"https:\/\/kircheamplatz.de\/wp-content\/uploads\/2021\/05\/2021-05-14-Faltblatt-Duft-Sonntag-A7-4seitig-web.pdf\" class=\"wp-block-file__button\" download>Herunterladen<\/a><\/div>\n\n\n\n<figure class=\"wp-block-image size-large is-resized\"><a href=\"https:\/\/kircheamplatz.de\/wp-content\/uploads\/2021\/05\/2018-06-21-Postkarte-Kruzifix-109x214-mm-web.pdf\" target=\"_blank\" rel=\"noopener\"><img loading=\"lazy\" decoding=\"async\" src=\"https:\/\/kircheamplatz.de\/wp-content\/uploads\/2021\/05\/2018-06-21-Postkarte-Kruzifix-109x214-mm-web-520x1024.jpg\" alt=\"Zum Kruzifix\" class=\"wp-image-32\" width=\"260\" height=\"512\" srcset=\"https:\/\/kircheamplatz.de\/wp-content\/uploads\/2021\/05\/2018-06-21-Postkarte-Kruzifix-109x214-mm-web-520x1024.jpg 520w, https:\/\/kircheamplatz.de\/wp-content\/uploads\/2021\/05\/2018-06-21-Postkarte-Kruzifix-109x214-mm-web-152x300.jpg 152w, https:\/\/kircheamplatz.de\/wp-content\/uploads\/2021\/05\/2018-06-21-Postkarte-Kruzifix-109x214-mm-web-768x1512.jpg 768w, https:\/\/kircheamplatz.de\/wp-content\/uploads\/2021\/05\/2018-06-21-Postkarte-Kruzifix-109x214-mm-web-780x1536.jpg 780w, https:\/\/kircheamplatz.de\/wp-content\/uploads\/2021\/05\/2018-06-21-Postkarte-Kruzifix-109x214-mm-web-100x197.jpg 100w, https:\/\/kircheamplatz.de\/wp-content\/uploads\/2021\/05\/2018-06-21-Postkarte-Kruzifix-109x214-mm-web-150x295.jpg 150w, https:\/\/kircheamplatz.de\/wp-content\/uploads\/2021\/05\/2018-06-21-Postkarte-Kruzifix-109x214-mm-web-200x394.jpg 200w, https:\/\/kircheamplatz.de\/wp-content\/uploads\/2021\/05\/2018-06-21-Postkarte-Kruzifix-109x214-mm-web-300x591.jpg 300w, https:\/\/kircheamplatz.de\/wp-content\/uploads\/2021\/05\/2018-06-21-Postkarte-Kruzifix-109x214-mm-web-450x886.jpg 450w, https:\/\/kircheamplatz.de\/wp-content\/uploads\/2021\/05\/2018-06-21-Postkarte-Kruzifix-109x214-mm-web-600x1181.jpg 600w, https:\/\/kircheamplatz.de\/wp-content\/uploads\/2021\/05\/2018-06-21-Postkarte-Kruzifix-109x214-mm-web-900x1772.jpg 900w, https:\/\/kircheamplatz.de\/wp-content\/uploads\/2021\/05\/2018-06-21-Postkarte-Kruzifix-109x214-mm-web.jpg 1000w\" sizes=\"auto, (max-width: 260px) 100vw, 260px\" \/><\/a><\/figure>\n\n\n\n<div class=\"wp-block-file\"><a href=\"https:\/\/kircheamplatz.de\/wp-content\/uploads\/2021\/05\/2018-06-21-Postkarte-Kruzifix-109x214-mm-web.pdf\">Ein paar Worte \u00fcber den Glauben: Motivkarte als PDF<span data-mce-type=\"bookmark\" id=\"mce_1_start\" data-mce-style=\"overflow:hidden;line-height:0px\" style=\"overflow:hidden;line-height:0px\"><\/span><\/a><a href=\"https:\/\/kircheamplatz.de\/wp-content\/uploads\/2021\/05\/2018-06-21-Postkarte-Kruzifix-109x214-mm-web.pdf\" class=\"wp-block-file__button\" download>Herunterladen<\/a><\/div>\n\n\n\n<p><\/p>\n","protected":false},"excerpt":{"rendered":"<p>Materialien zum Mitnehmen, Anschauen, Begreifen Auf dem Fahrrad der \u201eKirche am Platz\u201c liegt einiges zum (nat\u00fcrlich kostenfreien) Mitnehmen aus. Dabei handelt es sich um \u201eeine Sache\u201c, zu der dann ein kurzer Text mit Bild kommen. Beides zusammengenommen ergibt ein Zeichen. &hellip;<\/p>\n<p class=\"read-more\"> <a class=\"more-link\" href=\"https:\/\/kircheamplatz.de\/?page_id=2\"> <span class=\"screen-reader-text\">Zeichen<\/span> Weiterlesen &raquo;<\/a><\/p>\n","protected":false},"author":1,"featured_media":0,"parent":0,"menu_order":0,"comment_status":"closed","ping_status":"open","template":"","meta":{"ngg_post_thumbnail":0,"footnotes":""},"class_list":["post-2","page","type-page","status-publish","hentry"],"yoast_head":"<!-- This site is optimized with the Yoast SEO plugin v27.4 - https:\/\/yoast.com\/product\/yoast-seo-wordpress\/ -->\n<title>Zeichen - Kirche am Platz<\/title>\n<meta name=\"description\" content=\"Die Faltbl\u00e4tter, die es am Stand von &quot;Kirche am Platz&quot; zum Mitnehmen gibt, stehen hier als PDF-Download zur Verf\u00fcgung.\" \/>\n<meta name=\"robots\" content=\"index, follow, max-snippet:-1, max-image-preview:large, max-video-preview:-1\" \/>\n<link rel=\"canonical\" href=\"https:\/\/kircheamplatz.de\/?page_id=2\" \/>\n<meta property=\"og:locale\" content=\"de_DE\" \/>\n<meta property=\"og:type\" content=\"article\" \/>\n<meta property=\"og:title\" content=\"Zeichen - Kirche am Platz\" \/>\n<meta property=\"og:description\" content=\"Die Faltbl\u00e4tter, die es am Stand von &quot;Kirche am Platz&quot; zum Mitnehmen gibt, stehen hier als PDF-Download zur Verf\u00fcgung.\" \/>\n<meta property=\"og:url\" content=\"https:\/\/kircheamplatz.de\/?page_id=2\" \/>\n<meta property=\"og:site_name\" content=\"Kirche am Platz\" \/>\n<meta property=\"article:modified_time\" content=\"2021-05-16T20:40:54+00:00\" \/>\n<meta property=\"og:image\" content=\"https:\/\/kircheamplatz.de\/wp-content\/uploads\/2021\/05\/2021-03-15-Faltblatt-Keks-A7-4seitig-web-209x300.jpg\" \/>\n<meta name=\"twitter:card\" content=\"summary_large_image\" \/>\n<meta name=\"twitter:label1\" content=\"Gesch\u00e4tzte Lesezeit\" \/>\n\t<meta name=\"twitter:data1\" content=\"2\u00a0Minuten\" \/>\n<script type=\"application\/ld+json\" class=\"yoast-schema-graph\">{\"@context\":\"https:\\\/\\\/schema.org\",\"@graph\":[{\"@type\":\"WebPage\",\"@id\":\"https:\\\/\\\/kircheamplatz.de\\\/?page_id=2\",\"url\":\"https:\\\/\\\/kircheamplatz.de\\\/?page_id=2\",\"name\":\"Zeichen - Kirche am Platz\",\"isPartOf\":{\"@id\":\"https:\\\/\\\/kircheamplatz.de\\\/#website\"},\"primaryImageOfPage\":{\"@id\":\"https:\\\/\\\/kircheamplatz.de\\\/?page_id=2#primaryimage\"},\"image\":{\"@id\":\"https:\\\/\\\/kircheamplatz.de\\\/?page_id=2#primaryimage\"},\"thumbnailUrl\":\"https:\\\/\\\/kircheamplatz.de\\\/wp-content\\\/uploads\\\/2021\\\/05\\\/2021-03-15-Faltblatt-Keks-A7-4seitig-web-209x300.jpg\",\"datePublished\":\"2021-04-27T21:07:27+00:00\",\"dateModified\":\"2021-05-16T20:40:54+00:00\",\"description\":\"Die Faltbl\u00e4tter, die es am Stand von \\\"Kirche am Platz\\\" zum Mitnehmen gibt, stehen hier als PDF-Download zur Verf\u00fcgung.\",\"breadcrumb\":{\"@id\":\"https:\\\/\\\/kircheamplatz.de\\\/?page_id=2#breadcrumb\"},\"inLanguage\":\"de\",\"potentialAction\":[{\"@type\":\"ReadAction\",\"target\":[\"https:\\\/\\\/kircheamplatz.de\\\/?page_id=2\"]}]},{\"@type\":\"ImageObject\",\"inLanguage\":\"de\",\"@id\":\"https:\\\/\\\/kircheamplatz.de\\\/?page_id=2#primaryimage\",\"url\":\"https:\\\/\\\/kircheamplatz.de\\\/wp-content\\\/uploads\\\/2021\\\/05\\\/2021-03-15-Faltblatt-Keks-A7-4seitig-web.jpg\",\"contentUrl\":\"https:\\\/\\\/kircheamplatz.de\\\/wp-content\\\/uploads\\\/2021\\\/05\\\/2021-03-15-Faltblatt-Keks-A7-4seitig-web.jpg\",\"width\":1000,\"height\":1438,\"caption\":\"Zu dem Keks mit dem Kreuz\"},{\"@type\":\"BreadcrumbList\",\"@id\":\"https:\\\/\\\/kircheamplatz.de\\\/?page_id=2#breadcrumb\",\"itemListElement\":[{\"@type\":\"ListItem\",\"position\":1,\"name\":\"Startseite\",\"item\":\"https:\\\/\\\/kircheamplatz.de\\\/\"},{\"@type\":\"ListItem\",\"position\":2,\"name\":\"Zeichen\"}]},{\"@type\":\"WebSite\",\"@id\":\"https:\\\/\\\/kircheamplatz.de\\\/#website\",\"url\":\"https:\\\/\\\/kircheamplatz.de\\\/\",\"name\":\"Kirche am Platz\",\"description\":\"Kirchliche Pr\u00e4senz im \u00f6ffentlichen Raum (Dietrich Fr\u00f6ba, Diakon, kath., Kassel)\",\"publisher\":{\"@id\":\"https:\\\/\\\/kircheamplatz.de\\\/#\\\/schema\\\/person\\\/a12a77ac0f78a22ffe3a33e74da0d185\"},\"potentialAction\":[{\"@type\":\"SearchAction\",\"target\":{\"@type\":\"EntryPoint\",\"urlTemplate\":\"https:\\\/\\\/kircheamplatz.de\\\/?s={search_term_string}\"},\"query-input\":{\"@type\":\"PropertyValueSpecification\",\"valueRequired\":true,\"valueName\":\"search_term_string\"}}],\"inLanguage\":\"de\"},{\"@type\":[\"Person\",\"Organization\"],\"@id\":\"https:\\\/\\\/kircheamplatz.de\\\/#\\\/schema\\\/person\\\/a12a77ac0f78a22ffe3a33e74da0d185\",\"name\":\"DFR\",\"image\":{\"@type\":\"ImageObject\",\"inLanguage\":\"de\",\"@id\":\"https:\\\/\\\/kircheamplatz.de\\\/wp-content\\\/uploads\\\/2021\\\/05\\\/cropped-2020-02-12-Banner-Zeichen-geben-quer-sw-ohne-web.jpg\",\"url\":\"https:\\\/\\\/kircheamplatz.de\\\/wp-content\\\/uploads\\\/2021\\\/05\\\/cropped-2020-02-12-Banner-Zeichen-geben-quer-sw-ohne-web.jpg\",\"contentUrl\":\"https:\\\/\\\/kircheamplatz.de\\\/wp-content\\\/uploads\\\/2021\\\/05\\\/cropped-2020-02-12-Banner-Zeichen-geben-quer-sw-ohne-web.jpg\",\"width\":1000,\"height\":221,\"caption\":\"DFR\"},\"logo\":{\"@id\":\"https:\\\/\\\/kircheamplatz.de\\\/wp-content\\\/uploads\\\/2021\\\/05\\\/cropped-2020-02-12-Banner-Zeichen-geben-quer-sw-ohne-web.jpg\"},\"sameAs\":[\"https:\\\/\\\/kircheamplatz.de\"]}]}<\/script>\n<!-- \/ Yoast SEO plugin. -->","yoast_head_json":{"title":"Zeichen - Kirche am Platz","description":"Die Faltbl\u00e4tter, die es am Stand von \"Kirche am Platz\" zum Mitnehmen gibt, stehen hier als PDF-Download zur Verf\u00fcgung.","robots":{"index":"index","follow":"follow","max-snippet":"max-snippet:-1","max-image-preview":"max-image-preview:large","max-video-preview":"max-video-preview:-1"},"canonical":"https:\/\/kircheamplatz.de\/?page_id=2","og_locale":"de_DE","og_type":"article","og_title":"Zeichen - Kirche am Platz","og_description":"Die Faltbl\u00e4tter, die es am Stand von \"Kirche am Platz\" zum Mitnehmen gibt, stehen hier als PDF-Download zur Verf\u00fcgung.","og_url":"https:\/\/kircheamplatz.de\/?page_id=2","og_site_name":"Kirche am Platz","article_modified_time":"2021-05-16T20:40:54+00:00","og_image":[{"url":"https:\/\/kircheamplatz.de\/wp-content\/uploads\/2021\/05\/2021-03-15-Faltblatt-Keks-A7-4seitig-web-209x300.jpg","type":"","width":"","height":""}],"twitter_card":"summary_large_image","twitter_misc":{"Gesch\u00e4tzte Lesezeit":"2\u00a0Minuten"},"schema":{"@context":"https:\/\/schema.org","@graph":[{"@type":"WebPage","@id":"https:\/\/kircheamplatz.de\/?page_id=2","url":"https:\/\/kircheamplatz.de\/?page_id=2","name":"Zeichen - Kirche am Platz","isPartOf":{"@id":"https:\/\/kircheamplatz.de\/#website"},"primaryImageOfPage":{"@id":"https:\/\/kircheamplatz.de\/?page_id=2#primaryimage"},"image":{"@id":"https:\/\/kircheamplatz.de\/?page_id=2#primaryimage"},"thumbnailUrl":"https:\/\/kircheamplatz.de\/wp-content\/uploads\/2021\/05\/2021-03-15-Faltblatt-Keks-A7-4seitig-web-209x300.jpg","datePublished":"2021-04-27T21:07:27+00:00","dateModified":"2021-05-16T20:40:54+00:00","description":"Die Faltbl\u00e4tter, die es am Stand von \"Kirche am Platz\" zum Mitnehmen gibt, stehen hier als PDF-Download zur Verf\u00fcgung.","breadcrumb":{"@id":"https:\/\/kircheamplatz.de\/?page_id=2#breadcrumb"},"inLanguage":"de","potentialAction":[{"@type":"ReadAction","target":["https:\/\/kircheamplatz.de\/?page_id=2"]}]},{"@type":"ImageObject","inLanguage":"de","@id":"https:\/\/kircheamplatz.de\/?page_id=2#primaryimage","url":"https:\/\/kircheamplatz.de\/wp-content\/uploads\/2021\/05\/2021-03-15-Faltblatt-Keks-A7-4seitig-web.jpg","contentUrl":"https:\/\/kircheamplatz.de\/wp-content\/uploads\/2021\/05\/2021-03-15-Faltblatt-Keks-A7-4seitig-web.jpg","width":1000,"height":1438,"caption":"Zu dem Keks mit dem Kreuz"},{"@type":"BreadcrumbList","@id":"https:\/\/kircheamplatz.de\/?page_id=2#breadcrumb","itemListElement":[{"@type":"ListItem","position":1,"name":"Startseite","item":"https:\/\/kircheamplatz.de\/"},{"@type":"ListItem","position":2,"name":"Zeichen"}]},{"@type":"WebSite","@id":"https:\/\/kircheamplatz.de\/#website","url":"https:\/\/kircheamplatz.de\/","name":"Kirche am Platz","description":"Kirchliche Pr\u00e4senz im \u00f6ffentlichen Raum (Dietrich Fr\u00f6ba, Diakon, kath., Kassel)","publisher":{"@id":"https:\/\/kircheamplatz.de\/#\/schema\/person\/a12a77ac0f78a22ffe3a33e74da0d185"},"potentialAction":[{"@type":"SearchAction","target":{"@type":"EntryPoint","urlTemplate":"https:\/\/kircheamplatz.de\/?s={search_term_string}"},"query-input":{"@type":"PropertyValueSpecification","valueRequired":true,"valueName":"search_term_string"}}],"inLanguage":"de"},{"@type":["Person","Organization"],"@id":"https:\/\/kircheamplatz.de\/#\/schema\/person\/a12a77ac0f78a22ffe3a33e74da0d185","name":"DFR","image":{"@type":"ImageObject","inLanguage":"de","@id":"https:\/\/kircheamplatz.de\/wp-content\/uploads\/2021\/05\/cropped-2020-02-12-Banner-Zeichen-geben-quer-sw-ohne-web.jpg","url":"https:\/\/kircheamplatz.de\/wp-content\/uploads\/2021\/05\/cropped-2020-02-12-Banner-Zeichen-geben-quer-sw-ohne-web.jpg","contentUrl":"https:\/\/kircheamplatz.de\/wp-content\/uploads\/2021\/05\/cropped-2020-02-12-Banner-Zeichen-geben-quer-sw-ohne-web.jpg","width":1000,"height":221,"caption":"DFR"},"logo":{"@id":"https:\/\/kircheamplatz.de\/wp-content\/uploads\/2021\/05\/cropped-2020-02-12-Banner-Zeichen-geben-quer-sw-ohne-web.jpg"},"sameAs":["https:\/\/kircheamplatz.de"]}]}},"_links":{"self":[{"href":"https:\/\/kircheamplatz.de\/index.php?rest_route=\/wp\/v2\/pages\/2","targetHints":{"allow":["GET"]}}],"collection":[{"href":"https:\/\/kircheamplatz.de\/index.php?rest_route=\/wp\/v2\/pages"}],"about":[{"href":"https:\/\/kircheamplatz.de\/index.php?rest_route=\/wp\/v2\/types\/page"}],"author":[{"embeddable":true,"href":"https:\/\/kircheamplatz.de\/index.php?rest_route=\/wp\/v2\/users\/1"}],"replies":[{"embeddable":true,"href":"https:\/\/kircheamplatz.de\/index.php?rest_route=%2Fwp%2Fv2%2Fcomments&post=2"}],"version-history":[{"count":10,"href":"https:\/\/kircheamplatz.de\/index.php?rest_route=\/wp\/v2\/pages\/2\/revisions"}],"predecessor-version":[{"id":150,"href":"https:\/\/kircheamplatz.de\/index.php?rest_route=\/wp\/v2\/pages\/2\/revisions\/150"}],"wp:attachment":[{"href":"https:\/\/kircheamplatz.de\/index.php?rest_route=%2Fwp%2Fv2%2Fmedia&parent=2"}],"curies":[{"name":"wp","href":"https:\/\/api.w.org\/{rel}","templated":true}]}}